{"id":35165,"date":"2024-11-06T23:21:05","date_gmt":"2024-11-06T21:21:05","guid":{"rendered":"https:\/\/www.frmr.ro\/en\/talent35\/"},"modified":"2025-03-03T13:27:56","modified_gmt":"2025-03-03T11:27:56","slug":"talent35","status":"publish","type":"page","link":"https:\/\/www.frmr.ro\/en\/talent35\/","title":{"rendered":"Talent 35"},"content":{"rendered":"\t\t<div data-elementor-type=\"wp-page\" data-elementor-id=\"35165\" class=\"elementor elementor-35165\" data-elementor-settings=\"[]\">\n\t\t\t\t\t\t\t<div class=\"elementor-section-wrap\">\n\t\t\t\t\t\t\t<section data-particle_enable=\"false\" data-particle-mobile-disabled=\"false\" class=\"elementor-section elementor-top-section elementor-element elementor-element-114e0da3 elementor-section-boxed elementor-section-height-default elementor-section-height-default\" data-id=\"114e0da3\" data-element_type=\"section\">\n\t\t\t\t\t\t<div class=\"elementor-container elementor-column-gap-default\">\n\t\t\t\t\t<div class=\"elementor-column elementor-col-100 elementor-top-column elementor-element elementor-element-484c78d1\" data-id=\"484c78d1\" data-element_type=\"column\">\n\t\t\t<div class=\"elementor-widget-wrap elementor-element-populated\">\n\t\t\t\t\t\t\t\t<div class=\"elementor-element elementor-element-22921faf elementor-widget elementor-widget-text-editor\" data-id=\"22921faf\" data-element_type=\"widget\" data-widget_type=\"text-editor.default\">\n\t\t\t\t<div class=\"elementor-widget-container\">\n\t\t\t\t\t\t\t<p><img loading=\"lazy\" src=\"https:\/\/www.frmr.ro\/wp-content\/uploads\/2024\/11\/TALENT-35-Key-visual-1024x576.png\" sizes=\"(max-width: 1024px) 100vw, 1024px\" srcset=\"https:\/\/www.frmr.ro\/wp-content\/uploads\/2024\/11\/TALENT-35-Key-visual-1024x576.png 1024w, https:\/\/www.frmr.ro\/wp-content\/uploads\/2024\/11\/TALENT-35-Key-visual-300x169.png 300w, https:\/\/www.frmr.ro\/wp-content\/uploads\/2024\/11\/TALENT-35-Key-visual-768x432.png 768w, https:\/\/www.frmr.ro\/wp-content\/uploads\/2024\/11\/TALENT-35-Key-visual-1536x864.png 1536w, https:\/\/www.frmr.ro\/wp-content\/uploads\/2024\/11\/TALENT-35-Key-visual-700x394.png 700w, https:\/\/www.frmr.ro\/wp-content\/uploads\/2024\/11\/TALENT-35-Key-visual-539x303.png 539w, https:\/\/www.frmr.ro\/wp-content\/uploads\/2024\/11\/TALENT-35-Key-visual.png 1920w\" alt=\"\" width=\"1024\" height=\"576\" \/><\/p><h2>Supporting and promoting emerging artists and contemporary art<\/h2><p><strong>A bilateral cultural initiative in partnership with Nedland Kultur from Norway.<\/strong><\/p><p><strong>The bilateral initiative contributes to supporting contemporary art and emerging artists, raising awareness of cultural diversity and strengthening cooperation and cultural exchange between Romania and Norway.<\/strong><\/p><p>The launch conference of the Talent 35 project took place on Thursday, November 7, online. Emerging artists, cultural institutions, stakeholders and other groups targeted by the project thus had the opportunity to find out the proposed objectives and planned activities, as well as the way to achieve them.\u00a0<\/p><p>The activities of the project take place between November 2024 and February 2025, as follows:<\/p><ul><li>carrying out an exchange of know-how and best practices in the creative and cultural field in Norway by 3 experts from the project team<\/li><li>conducting an exchange of creative and cultural experiences between emerging artists from Romania and Norway for 60 participants, through online sessions<\/li><li>organizing a concert with the involvement of 10 emerging young artists and musicians and the participation of an audience of 800 people<\/li><li>creating a contemporary visual art exhibition with the involvement of 25 emerging young visual artists and the participation of an audience of 200 people<\/li><li>publication of a contemporary art album in 400 copies<\/li><\/ul><p><strong><em>&#8220;Talent 35 &#8211; Support and promotion of emerging artists and contemporary art&#8221;<\/em><\/strong> is a bilateral initiative implemented by the Project Management Unit of the Ministry of Culture, as Operator of the RO-CULTURE Program, in partnership with Art and Culture from Norway , as a Program partner, and financed with the support of the EEA and Norwegian Grants 2014 \u2013 2021 through the Bilateral National Fund, managed by the National Contact Point within the Ministry of Investments and European Projects.<\/p><p>\u00a0<\/p><p>The total value of the bilateral initiative is <strong>618,840.41 lei<\/strong> (124,355.03 EUR).<\/p><p><em><strong>Working together for a green, competitive and inclusive Europe<\/strong><\/em><\/p><p>***<\/p><p><strong>Despre Granturile SEE<\/strong><\/p><p>Granturile SEE reprezint\u0103 contribu\u021bia Islandei, Principatului Liechtenstein \u0219i Regatului Norvegiei la reducerea disparit\u0103\u021bilor economice \u0219i sociale \u00een Spa\u021biul Economic European \u0219i la consolidarea rela\u021biilor bilaterale cu cele 15 state beneficiare din estul \u0219i sudul Europei \u0219i statele baltice. Aceste mecanisme de finan\u021bare sunt stabilite \u00een baza Acordului privind Spa\u021biul Economic European, ce reune\u0219te statele membre UE \u0219i Islanda, Liechtenstein \u0219i Norvegia ca parteneri egali pe pia\u021ba intern\u0103.<\/p><p>\u00cen total, cele trei state au contribuit cu \u20ac3,3 miliarde \u00eentre 1994 \u0219i 2014 \u0219i \u20ac1,55 miliarde pentru perioada de finan\u021bare 2014-2021.<\/p><p>Mai multe detalii sunt disponibile pe: <a href=\"http:\/\/www.eeagrants.org\">www.eeagrants.org<\/a> \u0219i <a href=\"http:\/\/www.eeagrants.ro\">www.eeagrants.ro<\/a>.<\/p><p>\u00a0<\/p><p><strong>About EEA Grants<\/strong><\/p><p>The EEA grants represent the contribution of Iceland, the Principality of Liechtenstein and the Kingdom of Norway to the reduction of economic and social disparities in the European Economic Area and to the strengthening of bilateral relations with the 15 beneficiary states in Eastern and Southern Europe and the Baltic States. These financing mechanisms are established on the basis of the Agreement on the European Economic Area, which brings together the EU member states and Iceland, Liechtenstein and Norway as equal partners in the internal market.<\/p><p>In total, the three states contributed \u20ac3.3 billion between 1994 and 2014 and \u20ac1.55 billion for the 2014-2021 funding period.<\/p><p>More details are available at: <a href=\"http:\/\/www.eeagrants.org\">www.eeagrants.org<\/a> and <a href=\"http:\/\/www.eeagrants.ro\">www.eeagrants.ro<\/a>.<\/p><p><strong>About the EEA and Norway Grants<\/strong><\/p><p>The EEA and Norway Grants represent the contribution of Iceland, Liechtenstein and Norway to a green, competitive and inclusive Europe. There are two general objectives: reducing economic and social disparities in Europe and strengthening bilateral relations between the donor countries and 15 EU countries in Central and Southern Europe and the Baltic States. The three donor countries cooperate closely with the EU through the Agreement on the European Economic Area (EEA). Between 1994 and 2014, donors provided EUR 3.3 billion through consecutive grant schemes. For the period 2014-2021, the EEA and Norway Grants amount to EUR 2.8 billion.<\/p><p><strong>About the RO-CULTURA Programme<\/strong><\/p><p>The RO-CULTURA Programme is implemented by the Ministry of Culture through the Project Management Unit and has as its general objective the strengthening of economic and social development through cultural cooperation, cultural entrepreneurship and cultural heritage management.<\/p><p>The Program&#8217;s budget is approximately 34 million euros.<\/p><p>More details are available on <a href=\"http:\/\/www.ro-cultura.ro\">www.ro-cultura.ro<\/a>.<\/p><p><strong>About Nedland Kultur<\/strong><\/p><p>Nedland Kultur is a private company from Norway with over 20 years of experience in cultural projects, intercultural collaborations, concert and festival organization, music digitization, etc. The company has implemented projects in Norway, the United Kingdom, Tanzania, Kenya, Ethiopia, Uganda, Malawi, Russia, Palestine, Israel, Vietnam and Egypt, including Romania. Through numerous projects in various locations, Nedland Kultur has brought people together, inspired them to enjoy getting to know each other, learn from each other and respect each other, out of the firm belief that there is always more that unites people from different cultural and\/or geographical backgrounds than what separates them. More details are available on <a href=\"http:\/\/www.nedlandkultur.com\">www.nedlandkultur.com<\/a>.<\/p>\t\t\t\t\t\t<\/div>\n\t\t\t\t<\/div>\n\t\t\t\t\t<\/div>\n\t\t<\/div>\n\t\t\t\t\t\t\t<\/div>\n\t\t<\/section>\n\t\t\t\t\t\t<\/div>\n\t\t\t\t\t<\/div>\n\t\t","protected":false},"excerpt":{"rendered":"<p>Sus\u021binerea \u0219i promovarea arti\u0219tilor emergen\u021bi \u0219i a artei contemporane O ini\u021biativ\u0103 cultural\u0103 bilateral\u0103 \u00een parteneriat cu Nedland Kultur din Norvegia. Ini\u021biativa bilateral\u0103 contribuie la sprijinirea artei contemporane \u0219i a arti\u0219tilor emergen\u021bi, cre\u0219terea gradului de con\u0219tientizare privind diversitatea cultural\u0103 \u0219i consolidarea cooper\u0103rii \u0219i schimbului cultural \u00eentre&#8230;<\/p>\n","protected":false},"author":1,"featured_media":0,"parent":0,"menu_order":0,"comment_status":"closed","ping_status":"closed","template":"","meta":[],"yoast_head":"<!-- This site is optimized with the Yoast SEO plugin v17.5 - https:\/\/yoast.com\/wordpress\/plugins\/seo\/ -->\n<title>Talent 35 | Funda\u021bia Regal\u0103 Margareta a Rom\u00e2niei<\/title>\n<meta name=\"robots\" content=\"index, follow, max-snippet:-1, max-image-preview:large, max-video-preview:-1\" \/>\n<link rel=\"canonical\" href=\"https:\/\/www.frmr.ro\/en\/talent35\/\" \/>\n<meta property=\"og:locale\" content=\"en_US\" \/>\n<meta property=\"og:type\" content=\"article\" \/>\n<meta property=\"og:title\" content=\"Talent 35 | Funda\u021bia Regal\u0103 Margareta a Rom\u00e2niei\" \/>\n<meta property=\"og:description\" content=\"Sus\u021binerea \u0219i promovarea arti\u0219tilor emergen\u021bi \u0219i a artei contemporane O ini\u021biativ\u0103 cultural\u0103 bilateral\u0103 \u00een parteneriat cu Nedland Kultur din Norvegia. Ini\u021biativa bilateral\u0103 contribuie la sprijinirea artei contemporane \u0219i a arti\u0219tilor emergen\u021bi, cre\u0219terea gradului de con\u0219tientizare privind diversitatea cultural\u0103 \u0219i consolidarea cooper\u0103rii \u0219i schimbului cultural \u00eentre...\" \/>\n<meta property=\"og:url\" content=\"https:\/\/www.frmr.ro\/en\/talent35\/\" \/>\n<meta property=\"og:site_name\" content=\"Funda\u021bia Regal\u0103 Margareta a Rom\u00e2niei\" \/>\n<meta property=\"article:publisher\" content=\"https:\/\/www.facebook.com\/www.frmr.ro\/\" \/>\n<meta property=\"article:modified_time\" content=\"2025-03-03T11:27:56+00:00\" \/>\n<meta property=\"og:image\" content=\"https:\/\/www.frmr.ro\/wp-content\/uploads\/2024\/11\/TALENT-35-Key-visual-1024x576.png\" \/>\n<meta name=\"twitter:card\" content=\"summary\" \/>\n<meta name=\"twitter:label1\" content=\"Est. reading time\" \/>\n\t<meta name=\"twitter:data1\" content=\"5 minutes\" \/>\n<script type=\"application\/ld+json\" class=\"yoast-schema-graph\">{\"@context\":\"https:\/\/schema.org\",\"@graph\":[{\"@type\":\"Organization\",\"@id\":\"https:\/\/www.frmr.ro\/#organization\",\"name\":\"Fundatia Regala Margareta a Romaniei\",\"url\":\"https:\/\/www.frmr.ro\/\",\"sameAs\":[\"https:\/\/www.facebook.com\/www.frmr.ro\/\",\"https:\/\/www.linkedin.com\/company\/13060592\/admin\/\",\"https:\/\/www.youtube.com\/channel\/UCPJ7LnrfyvzrWu9_vE79DKg?view_as=subscriber\",\"https:\/\/ro.wikipedia.org\/wiki\/Funda\\u021bia_\\u201ePrincipesa_Margareta_a_Rom\\u00e2niei\\u201d\"],\"logo\":{\"@type\":\"ImageObject\",\"@id\":\"https:\/\/www.frmr.ro\/#logo\",\"inLanguage\":\"en-US\",\"url\":\"https:\/\/www.frmr.ro\/wp-content\/uploads\/2019\/07\/logo-ok.jpg\",\"contentUrl\":\"https:\/\/www.frmr.ro\/wp-content\/uploads\/2019\/07\/logo-ok.jpg\",\"width\":672,\"height\":209,\"caption\":\"Fundatia Regala Margareta a Romaniei\"},\"image\":{\"@id\":\"https:\/\/www.frmr.ro\/#logo\"}},{\"@type\":\"WebSite\",\"@id\":\"https:\/\/www.frmr.ro\/#website\",\"url\":\"https:\/\/www.frmr.ro\/\",\"name\":\"Funda\\u021bia Regal\\u0103 Margareta a Rom\\u00e2niei\",\"description\":\"Din dragoste pentru Rom\\u00e2nia\",\"publisher\":{\"@id\":\"https:\/\/www.frmr.ro\/#organization\"},\"potentialAction\":[{\"@type\":\"SearchAction\",\"target\":{\"@type\":\"EntryPoint\",\"urlTemplate\":\"https:\/\/www.frmr.ro\/?s={search_term_string}\"},\"query-input\":\"required name=search_term_string\"}],\"inLanguage\":\"en-US\"},{\"@type\":\"ImageObject\",\"@id\":\"https:\/\/www.frmr.ro\/en\/talent35\/#primaryimage\",\"inLanguage\":\"en-US\",\"url\":\"https:\/\/www.frmr.ro\/wp-content\/uploads\/2024\/11\/TALENT-35-Key-visual.png\",\"contentUrl\":\"https:\/\/www.frmr.ro\/wp-content\/uploads\/2024\/11\/TALENT-35-Key-visual.png\",\"width\":1920,\"height\":1080},{\"@type\":\"WebPage\",\"@id\":\"https:\/\/www.frmr.ro\/en\/talent35\/#webpage\",\"url\":\"https:\/\/www.frmr.ro\/en\/talent35\/\",\"name\":\"Talent 35 | Funda\\u021bia Regal\\u0103 Margareta a Rom\\u00e2niei\",\"isPartOf\":{\"@id\":\"https:\/\/www.frmr.ro\/#website\"},\"primaryImageOfPage\":{\"@id\":\"https:\/\/www.frmr.ro\/en\/talent35\/#primaryimage\"},\"datePublished\":\"2024-11-06T21:21:05+00:00\",\"dateModified\":\"2025-03-03T11:27:56+00:00\",\"breadcrumb\":{\"@id\":\"https:\/\/www.frmr.ro\/en\/talent35\/#breadcrumb\"},\"inLanguage\":\"en-US\",\"potentialAction\":[{\"@type\":\"ReadAction\",\"target\":[\"https:\/\/www.frmr.ro\/en\/talent35\/\"]}]},{\"@type\":\"BreadcrumbList\",\"@id\":\"https:\/\/www.frmr.ro\/en\/talent35\/#breadcrumb\",\"itemListElement\":[{\"@type\":\"ListItem\",\"position\":1,\"name\":\"Acas\\u0103\",\"item\":\"https:\/\/www.frmr.ro\/en\/\"},{\"@type\":\"ListItem\",\"position\":2,\"name\":\"Talent 35\"}]}]}<\/script>\n<!-- \/ Yoast SEO plugin. -->","yoast_head_json":{"title":"Talent 35 | Funda\u021bia Regal\u0103 Margareta a Rom\u00e2niei","robots":{"index":"index","follow":"follow","max-snippet":"max-snippet:-1","max-image-preview":"max-image-preview:large","max-video-preview":"max-video-preview:-1"},"canonical":"https:\/\/www.frmr.ro\/en\/talent35\/","og_locale":"en_US","og_type":"article","og_title":"Talent 35 | Funda\u021bia Regal\u0103 Margareta a Rom\u00e2niei","og_description":"Sus\u021binerea \u0219i promovarea arti\u0219tilor emergen\u021bi \u0219i a artei contemporane O ini\u021biativ\u0103 cultural\u0103 bilateral\u0103 \u00een parteneriat cu Nedland Kultur din Norvegia. Ini\u021biativa bilateral\u0103 contribuie la sprijinirea artei contemporane \u0219i a arti\u0219tilor emergen\u021bi, cre\u0219terea gradului de con\u0219tientizare privind diversitatea cultural\u0103 \u0219i consolidarea cooper\u0103rii \u0219i schimbului cultural \u00eentre...","og_url":"https:\/\/www.frmr.ro\/en\/talent35\/","og_site_name":"Funda\u021bia Regal\u0103 Margareta a Rom\u00e2niei","article_publisher":"https:\/\/www.facebook.com\/www.frmr.ro\/","article_modified_time":"2025-03-03T11:27:56+00:00","og_image":[{"url":"https:\/\/www.frmr.ro\/wp-content\/uploads\/2024\/11\/TALENT-35-Key-visual-1024x576.png"}],"twitter_card":"summary","twitter_misc":{"Est. reading time":"5 minutes"},"schema":{"@context":"https:\/\/schema.org","@graph":[{"@type":"Organization","@id":"https:\/\/www.frmr.ro\/#organization","name":"Fundatia Regala Margareta a Romaniei","url":"https:\/\/www.frmr.ro\/","sameAs":["https:\/\/www.facebook.com\/www.frmr.ro\/","https:\/\/www.linkedin.com\/company\/13060592\/admin\/","https:\/\/www.youtube.com\/channel\/UCPJ7LnrfyvzrWu9_vE79DKg?view_as=subscriber","https:\/\/ro.wikipedia.org\/wiki\/Funda\u021bia_\u201ePrincipesa_Margareta_a_Rom\u00e2niei\u201d"],"logo":{"@type":"ImageObject","@id":"https:\/\/www.frmr.ro\/#logo","inLanguage":"en-US","url":"https:\/\/www.frmr.ro\/wp-content\/uploads\/2019\/07\/logo-ok.jpg","contentUrl":"https:\/\/www.frmr.ro\/wp-content\/uploads\/2019\/07\/logo-ok.jpg","width":672,"height":209,"caption":"Fundatia Regala Margareta a Romaniei"},"image":{"@id":"https:\/\/www.frmr.ro\/#logo"}},{"@type":"WebSite","@id":"https:\/\/www.frmr.ro\/#website","url":"https:\/\/www.frmr.ro\/","name":"Funda\u021bia Regal\u0103 Margareta a Rom\u00e2niei","description":"Din dragoste pentru Rom\u00e2nia","publisher":{"@id":"https:\/\/www.frmr.ro\/#organization"},"potentialAction":[{"@type":"SearchAction","target":{"@type":"EntryPoint","urlTemplate":"https:\/\/www.frmr.ro\/?s={search_term_string}"},"query-input":"required name=search_term_string"}],"inLanguage":"en-US"},{"@type":"ImageObject","@id":"https:\/\/www.frmr.ro\/en\/talent35\/#primaryimage","inLanguage":"en-US","url":"https:\/\/www.frmr.ro\/wp-content\/uploads\/2024\/11\/TALENT-35-Key-visual.png","contentUrl":"https:\/\/www.frmr.ro\/wp-content\/uploads\/2024\/11\/TALENT-35-Key-visual.png","width":1920,"height":1080},{"@type":"WebPage","@id":"https:\/\/www.frmr.ro\/en\/talent35\/#webpage","url":"https:\/\/www.frmr.ro\/en\/talent35\/","name":"Talent 35 | Funda\u021bia Regal\u0103 Margareta a Rom\u00e2niei","isPartOf":{"@id":"https:\/\/www.frmr.ro\/#website"},"primaryImageOfPage":{"@id":"https:\/\/www.frmr.ro\/en\/talent35\/#primaryimage"},"datePublished":"2024-11-06T21:21:05+00:00","dateModified":"2025-03-03T11:27:56+00:00","breadcrumb":{"@id":"https:\/\/www.frmr.ro\/en\/talent35\/#breadcrumb"},"inLanguage":"en-US","potentialAction":[{"@type":"ReadAction","target":["https:\/\/www.frmr.ro\/en\/talent35\/"]}]},{"@type":"BreadcrumbList","@id":"https:\/\/www.frmr.ro\/en\/talent35\/#breadcrumb","itemListElement":[{"@type":"ListItem","position":1,"name":"Acas\u0103","item":"https:\/\/www.frmr.ro\/en\/"},{"@type":"ListItem","position":2,"name":"Talent 35"}]}]}},"wps_subtitle":"","_links":{"self":[{"href":"https:\/\/www.frmr.ro\/en\/wp-json\/wp\/v2\/pages\/35165"}],"collection":[{"href":"https:\/\/www.frmr.ro\/en\/wp-json\/wp\/v2\/pages"}],"about":[{"href":"https:\/\/www.frmr.ro\/en\/wp-json\/wp\/v2\/types\/page"}],"author":[{"embeddable":true,"href":"https:\/\/www.frmr.ro\/en\/wp-json\/wp\/v2\/users\/1"}],"replies":[{"embeddable":true,"href":"https:\/\/www.frmr.ro\/en\/wp-json\/wp\/v2\/comments?post=35165"}],"version-history":[{"count":43,"href":"https:\/\/www.frmr.ro\/en\/wp-json\/wp\/v2\/pages\/35165\/revisions"}],"predecessor-version":[{"id":35383,"href":"https:\/\/www.frmr.ro\/en\/wp-json\/wp\/v2\/pages\/35165\/revisions\/35383"}],"wp:attachment":[{"href":"https:\/\/www.frmr.ro\/en\/wp-json\/wp\/v2\/media?parent=35165"}],"curies":[{"name":"wp","href":"https:\/\/api.w.org\/{rel}","templated":true}]}}