{"id":20989,"date":"2016-08-04T11:56:46","date_gmt":"2016-08-04T11:56:46","guid":{"rendered":"https:\/\/www.frmr.ro\/companii-partenere\/?lang=en"},"modified":"2018-04-18T11:01:28","modified_gmt":"2018-04-18T09:01:28","slug":"sponsors","status":"publish","type":"page","link":"https:\/\/www.frmr.ro\/en\/sponsors\/","title":{"rendered":"Sponsor"},"content":{"rendered":"<p>[vc_row row_type=&#8221;row&#8221; use_row_as_full_screen_section=&#8221;no&#8221; type=&#8221;full_width&#8221; angled_section=&#8221;no&#8221; text_align=&#8221;left&#8221; background_image_as_pattern=&#8221;without_pattern&#8221; css_animation=&#8221;&#8221;][vc_column][vc_single_image image=&#8221;19162&#8243; img_size=&#8221;full&#8221; qode_css_animation=&#8221;&#8221;][\/vc_column][\/vc_row][vc_row row_type=&#8221;row&#8221; use_row_as_full_screen_section=&#8221;no&#8221; type=&#8221;full_width&#8221; angled_section=&#8221;no&#8221; text_align=&#8221;left&#8221; background_image_as_pattern=&#8221;without_pattern&#8221; css_animation=&#8221;&#8221;][vc_column][vc_empty_space][vc_column_text]<strong>How can your company support the Foundation\u2019s programmes?<\/strong><\/p>\n<p>&nbsp;<\/p>\n<ul>\n<li>20% of the corporation tax \u2013 Sponsor the programme you believe in by directing up to 20% of the corporation tax and 0.5% of the turnover, under a sponsorship contract. Write to us on prieten@principesa.ro.<\/li>\n<\/ul>\n<p>&nbsp;<\/p>\n<ul>\n<li>CSR partnership \u2013 The company can become a Partner of a social or educational project, in order to have an impact in the community.<\/li>\n<\/ul>\n<p>&nbsp;<\/p>\n<ul>\n<li>Volunteering \u2013 Participate in volunteer actions together with colleagues and supported by the company. You can organise small internal fundraising events or you can mobilise your colleagues for an action dedicated to children or the elderly.<\/li>\n<\/ul>\n<p>[\/vc_column_text][vc_empty_space][\/vc_column][\/vc_row][vc_row row_type=&#8221;row&#8221; use_row_as_full_screen_section=&#8221;no&#8221; type=&#8221;full_width&#8221; angled_section=&#8221;no&#8221; text_align=&#8221;left&#8221; background_image_as_pattern=&#8221;without_pattern&#8221; css_animation=&#8221;&#8221;][vc_column][\/vc_column][\/vc_row]<\/p>\n","protected":false},"excerpt":{"rendered":"<p>[vc_row row_type=&#8221;row&#8221; use_row_as_full_screen_section=&#8221;no&#8221; type=&#8221;full_width&#8221; angled_section=&#8221;no&#8221; text_align=&#8221;left&#8221; background_image_as_pattern=&#8221;without_pattern&#8221; css_animation=&#8221;&#8221;][vc_column][vc_single_image image=&#8221;19162&#8243; img_size=&#8221;full&#8221; qode_css_animation=&#8221;&#8221;][\/vc_column][\/vc_row][vc_row row_type=&#8221;row&#8221; use_row_as_full_screen_section=&#8221;no&#8221; type=&#8221;full_width&#8221; angled_section=&#8221;no&#8221; text_align=&#8221;left&#8221; background_image_as_pattern=&#8221;without_pattern&#8221; css_animation=&#8221;&#8221;][vc_column][vc_empty_space][vc_column_text]How can your company support the Foundation\u2019s programmes? &nbsp; 20% of the corporation tax \u2013 Sponsor the programme you believe in by directing up to 20% of the&#8230;<\/p>\n","protected":false},"author":1,"featured_media":0,"parent":0,"menu_order":0,"comment_status":"closed","ping_status":"closed","template":"","meta":[],"yoast_head":"<!-- This site is optimized with the Yoast SEO plugin v17.5 - https:\/\/yoast.com\/wordpress\/plugins\/seo\/ -->\n<title>Sponsor | Funda\u021bia Regal\u0103 Margareta a Rom\u00e2niei<\/title>\n<meta name=\"robots\" content=\"index, follow, max-snippet:-1, max-image-preview:large, max-video-preview:-1\" \/>\n<link rel=\"canonical\" href=\"https:\/\/www.frmr.ro\/en\/sponsors\/\" \/>\n<meta property=\"og:locale\" content=\"en_US\" \/>\n<meta property=\"og:type\" content=\"article\" \/>\n<meta property=\"og:title\" content=\"Sponsor | Funda\u021bia Regal\u0103 Margareta a Rom\u00e2niei\" \/>\n<meta property=\"og:description\" content=\"[vc_row row_type=&#8221;row&#8221; use_row_as_full_screen_section=&#8221;no&#8221; type=&#8221;full_width&#8221; angled_section=&#8221;no&#8221; text_align=&#8221;left&#8221; background_image_as_pattern=&#8221;without_pattern&#8221; css_animation=&#8221;&#8221;][vc_column][vc_single_image image=&#8221;19162&#8243; img_size=&#8221;full&#8221; qode_css_animation=&#8221;&#8221;][\/vc_column][\/vc_row][vc_row row_type=&#8221;row&#8221; use_row_as_full_screen_section=&#8221;no&#8221; type=&#8221;full_width&#8221; angled_section=&#8221;no&#8221; text_align=&#8221;left&#8221; background_image_as_pattern=&#8221;without_pattern&#8221; css_animation=&#8221;&#8221;][vc_column][vc_empty_space][vc_column_text]How can your company support the Foundation\u2019s programmes? &nbsp; 20% of the corporation tax \u2013 Sponsor the programme you believe in by directing up to 20% of the...\" \/>\n<meta property=\"og:url\" content=\"https:\/\/www.frmr.ro\/en\/sponsors\/\" \/>\n<meta property=\"og:site_name\" content=\"Funda\u021bia Regal\u0103 Margareta a Rom\u00e2niei\" \/>\n<meta property=\"article:publisher\" content=\"https:\/\/www.facebook.com\/www.frmr.ro\/\" \/>\n<meta property=\"article:modified_time\" content=\"2018-04-18T09:01:28+00:00\" \/>\n<meta name=\"twitter:card\" content=\"summary\" \/>\n<meta name=\"twitter:label1\" content=\"Est. reading time\" \/>\n\t<meta name=\"twitter:data1\" content=\"1 minute\" \/>\n<script type=\"application\/ld+json\" class=\"yoast-schema-graph\">{\"@context\":\"https:\/\/schema.org\",\"@graph\":[{\"@type\":\"Organization\",\"@id\":\"https:\/\/www.frmr.ro\/#organization\",\"name\":\"Fundatia Regala Margareta a Romaniei\",\"url\":\"https:\/\/www.frmr.ro\/\",\"sameAs\":[\"https:\/\/www.facebook.com\/www.frmr.ro\/\",\"https:\/\/www.linkedin.com\/company\/13060592\/admin\/\",\"https:\/\/www.youtube.com\/channel\/UCPJ7LnrfyvzrWu9_vE79DKg?view_as=subscriber\",\"https:\/\/ro.wikipedia.org\/wiki\/Funda\\u021bia_\\u201ePrincipesa_Margareta_a_Rom\\u00e2niei\\u201d\"],\"logo\":{\"@type\":\"ImageObject\",\"@id\":\"https:\/\/www.frmr.ro\/#logo\",\"inLanguage\":\"en-US\",\"url\":\"https:\/\/www.frmr.ro\/wp-content\/uploads\/2019\/07\/logo-ok.jpg\",\"contentUrl\":\"https:\/\/www.frmr.ro\/wp-content\/uploads\/2019\/07\/logo-ok.jpg\",\"width\":672,\"height\":209,\"caption\":\"Fundatia Regala Margareta a Romaniei\"},\"image\":{\"@id\":\"https:\/\/www.frmr.ro\/#logo\"}},{\"@type\":\"WebSite\",\"@id\":\"https:\/\/www.frmr.ro\/#website\",\"url\":\"https:\/\/www.frmr.ro\/\",\"name\":\"Funda\\u021bia Regal\\u0103 Margareta a Rom\\u00e2niei\",\"description\":\"Din dragoste pentru Rom\\u00e2nia\",\"publisher\":{\"@id\":\"https:\/\/www.frmr.ro\/#organization\"},\"potentialAction\":[{\"@type\":\"SearchAction\",\"target\":{\"@type\":\"EntryPoint\",\"urlTemplate\":\"https:\/\/www.frmr.ro\/?s={search_term_string}\"},\"query-input\":\"required name=search_term_string\"}],\"inLanguage\":\"en-US\"},{\"@type\":\"WebPage\",\"@id\":\"https:\/\/www.frmr.ro\/en\/sponsors\/#webpage\",\"url\":\"https:\/\/www.frmr.ro\/en\/sponsors\/\",\"name\":\"Sponsor | Funda\\u021bia Regal\\u0103 Margareta a Rom\\u00e2niei\",\"isPartOf\":{\"@id\":\"https:\/\/www.frmr.ro\/#website\"},\"datePublished\":\"2016-08-04T11:56:46+00:00\",\"dateModified\":\"2018-04-18T09:01:28+00:00\",\"breadcrumb\":{\"@id\":\"https:\/\/www.frmr.ro\/en\/sponsors\/#breadcrumb\"},\"inLanguage\":\"en-US\",\"potentialAction\":[{\"@type\":\"ReadAction\",\"target\":[\"https:\/\/www.frmr.ro\/en\/sponsors\/\"]}]},{\"@type\":\"BreadcrumbList\",\"@id\":\"https:\/\/www.frmr.ro\/en\/sponsors\/#breadcrumb\",\"itemListElement\":[{\"@type\":\"ListItem\",\"position\":1,\"name\":\"Acas\\u0103\",\"item\":\"https:\/\/www.frmr.ro\/en\/\"},{\"@type\":\"ListItem\",\"position\":2,\"name\":\"Sponsor\"}]}]}<\/script>\n<!-- \/ Yoast SEO plugin. -->","yoast_head_json":{"title":"Sponsor | Funda\u021bia Regal\u0103 Margareta a Rom\u00e2niei","robots":{"index":"index","follow":"follow","max-snippet":"max-snippet:-1","max-image-preview":"max-image-preview:large","max-video-preview":"max-video-preview:-1"},"canonical":"https:\/\/www.frmr.ro\/en\/sponsors\/","og_locale":"en_US","og_type":"article","og_title":"Sponsor | Funda\u021bia Regal\u0103 Margareta a Rom\u00e2niei","og_description":"[vc_row row_type=&#8221;row&#8221; use_row_as_full_screen_section=&#8221;no&#8221; type=&#8221;full_width&#8221; angled_section=&#8221;no&#8221; text_align=&#8221;left&#8221; background_image_as_pattern=&#8221;without_pattern&#8221; css_animation=&#8221;&#8221;][vc_column][vc_single_image image=&#8221;19162&#8243; img_size=&#8221;full&#8221; qode_css_animation=&#8221;&#8221;][\/vc_column][\/vc_row][vc_row row_type=&#8221;row&#8221; use_row_as_full_screen_section=&#8221;no&#8221; type=&#8221;full_width&#8221; angled_section=&#8221;no&#8221; text_align=&#8221;left&#8221; background_image_as_pattern=&#8221;without_pattern&#8221; css_animation=&#8221;&#8221;][vc_column][vc_empty_space][vc_column_text]How can your company support the Foundation\u2019s programmes? &nbsp; 20% of the corporation tax \u2013 Sponsor the programme you believe in by directing up to 20% of the...","og_url":"https:\/\/www.frmr.ro\/en\/sponsors\/","og_site_name":"Funda\u021bia Regal\u0103 Margareta a Rom\u00e2niei","article_publisher":"https:\/\/www.facebook.com\/www.frmr.ro\/","article_modified_time":"2018-04-18T09:01:28+00:00","twitter_card":"summary","twitter_misc":{"Est. reading time":"1 minute"},"schema":{"@context":"https:\/\/schema.org","@graph":[{"@type":"Organization","@id":"https:\/\/www.frmr.ro\/#organization","name":"Fundatia Regala Margareta a Romaniei","url":"https:\/\/www.frmr.ro\/","sameAs":["https:\/\/www.facebook.com\/www.frmr.ro\/","https:\/\/www.linkedin.com\/company\/13060592\/admin\/","https:\/\/www.youtube.com\/channel\/UCPJ7LnrfyvzrWu9_vE79DKg?view_as=subscriber","https:\/\/ro.wikipedia.org\/wiki\/Funda\u021bia_\u201ePrincipesa_Margareta_a_Rom\u00e2niei\u201d"],"logo":{"@type":"ImageObject","@id":"https:\/\/www.frmr.ro\/#logo","inLanguage":"en-US","url":"https:\/\/www.frmr.ro\/wp-content\/uploads\/2019\/07\/logo-ok.jpg","contentUrl":"https:\/\/www.frmr.ro\/wp-content\/uploads\/2019\/07\/logo-ok.jpg","width":672,"height":209,"caption":"Fundatia Regala Margareta a Romaniei"},"image":{"@id":"https:\/\/www.frmr.ro\/#logo"}},{"@type":"WebSite","@id":"https:\/\/www.frmr.ro\/#website","url":"https:\/\/www.frmr.ro\/","name":"Funda\u021bia Regal\u0103 Margareta a Rom\u00e2niei","description":"Din dragoste pentru Rom\u00e2nia","publisher":{"@id":"https:\/\/www.frmr.ro\/#organization"},"potentialAction":[{"@type":"SearchAction","target":{"@type":"EntryPoint","urlTemplate":"https:\/\/www.frmr.ro\/?s={search_term_string}"},"query-input":"required name=search_term_string"}],"inLanguage":"en-US"},{"@type":"WebPage","@id":"https:\/\/www.frmr.ro\/en\/sponsors\/#webpage","url":"https:\/\/www.frmr.ro\/en\/sponsors\/","name":"Sponsor | Funda\u021bia Regal\u0103 Margareta a Rom\u00e2niei","isPartOf":{"@id":"https:\/\/www.frmr.ro\/#website"},"datePublished":"2016-08-04T11:56:46+00:00","dateModified":"2018-04-18T09:01:28+00:00","breadcrumb":{"@id":"https:\/\/www.frmr.ro\/en\/sponsors\/#breadcrumb"},"inLanguage":"en-US","potentialAction":[{"@type":"ReadAction","target":["https:\/\/www.frmr.ro\/en\/sponsors\/"]}]},{"@type":"BreadcrumbList","@id":"https:\/\/www.frmr.ro\/en\/sponsors\/#breadcrumb","itemListElement":[{"@type":"ListItem","position":1,"name":"Acas\u0103","item":"https:\/\/www.frmr.ro\/en\/"},{"@type":"ListItem","position":2,"name":"Sponsor"}]}]}},"wps_subtitle":"","_links":{"self":[{"href":"https:\/\/www.frmr.ro\/en\/wp-json\/wp\/v2\/pages\/20989"}],"collection":[{"href":"https:\/\/www.frmr.ro\/en\/wp-json\/wp\/v2\/pages"}],"about":[{"href":"https:\/\/www.frmr.ro\/en\/wp-json\/wp\/v2\/types\/page"}],"author":[{"embeddable":true,"href":"https:\/\/www.frmr.ro\/en\/wp-json\/wp\/v2\/users\/1"}],"replies":[{"embeddable":true,"href":"https:\/\/www.frmr.ro\/en\/wp-json\/wp\/v2\/comments?post=20989"}],"version-history":[{"count":4,"href":"https:\/\/www.frmr.ro\/en\/wp-json\/wp\/v2\/pages\/20989\/revisions"}],"predecessor-version":[{"id":21011,"href":"https:\/\/www.frmr.ro\/en\/wp-json\/wp\/v2\/pages\/20989\/revisions\/21011"}],"wp:attachment":[{"href":"https:\/\/www.frmr.ro\/en\/wp-json\/wp\/v2\/media?parent=20989"}],"curies":[{"name":"wp","href":"https:\/\/api.w.org\/{rel}","templated":true}]}}