{"id":20972,"date":"2016-11-23T19:28:26","date_gmt":"2016-11-23T19:28:26","guid":{"rendered":"https:\/\/www.frmr.ro\/evenimentele-fundatiei\/?lang=en"},"modified":"2020-11-11T14:42:22","modified_gmt":"2020-11-11T12:42:22","slug":"events-campaigns","status":"publish","type":"page","link":"https:\/\/www.frmr.ro\/en\/events-campaigns\/","title":{"rendered":"Events and Campaigns"},"content":{"rendered":"<p>[vc_row row_type=&#8221;row&#8221; use_row_as_full_screen_section=&#8221;no&#8221; type=&#8221;full_width&#8221; angled_section=&#8221;no&#8221; text_align=&#8221;center&#8221; background_image_as_pattern=&#8221;without_pattern&#8221; css_animation=&#8221;&#8221;][vc_column width=&#8221;1\/2&#8243;]<div class=\"image_with_text\"><img itemprop=\"image\" src=\"https:\/\/www.frmr.ro\/wp-content\/uploads\/2016\/11\/DSC9631.jpg\" alt=\"Thank You Cocktail \" \/><h3 >Thank You Cocktail <\/h3><span style=\"margin: 6px 0px;\" class=\"separator transparent\"><\/span><\/div>[vc_column_text]<\/p>\n<p style=\"text-align: left;\">This event acknowledged the most important initiatives of social responsibility developed by the Foundation\u2019s sponsors and partners. In the Kings Hall of Elisabeta Palace, the guests were leading personalities from the economic, banking, media and cultural environment, supporters of the Foundation\u2019s programmes.<\/p>\n<p>[\/vc_column_text][\/vc_column][vc_column width=&#8221;1\/2&#8243;]<div class=\"image_with_text\"><img itemprop=\"image\" src=\"https:\/\/www.frmr.ro\/wp-content\/uploads\/2016\/11\/IMG_7955.jpg\" alt=\"International Children\u2019s Day \" \/><h3 >International Children\u2019s Day <\/h3><span style=\"margin: 6px 0px;\" class=\"separator transparent\"><\/span><\/div>[vc_column_text]<\/p>\n<p style=\"text-align: left;\">The gates of the Palace were opened to the little guests who, accompanied by their parents or grandparents, participated in an unique event offered by the Margareta of Romania Royal Foundation. Her Majesty Margareta took part, together with the children, in interactive creative workshops.<\/p>\n<p>[\/vc_column_text][\/vc_column][\/vc_row][vc_row row_type=&#8221;row&#8221; use_row_as_full_screen_section=&#8221;no&#8221; type=&#8221;full_width&#8221; angled_section=&#8221;no&#8221; text_align=&#8221;left&#8221; background_image_as_pattern=&#8221;without_pattern&#8221; css_animation=&#8221;&#8221;][vc_column][vc_empty_space][\/vc_column][\/vc_row][vc_row row_type=&#8221;row&#8221; use_row_as_full_screen_section=&#8221;no&#8221; type=&#8221;full_width&#8221; angled_section=&#8221;no&#8221; text_align=&#8221;center&#8221; background_image_as_pattern=&#8221;without_pattern&#8221; css_animation=&#8221;&#8221;][vc_column width=&#8221;1\/2&#8243;]<div class=\"image_with_text\"><img itemprop=\"image\" src=\"https:\/\/www.frmr.ro\/wp-content\/uploads\/2016\/11\/banner-varstnici.png\" alt=\"\u201cGood Practices for a Beautiful Old age\u201d Conference\" \/><h3 >\u201cGood Practices for a Beautiful Old age\u201d Conference<\/h3><span style=\"margin: 6px 0px;\" class=\"separator transparent\"><\/span><\/div>[vc_column_text]<\/p>\n<p style=\"text-align: left;\">The conference brought together over 150 specialists to discuss and promote the most innovative and efficient solutions dedicated to increasing the quality of life for the Romanian elders. The speakers drew attention to the accelerated demographic ageing and shared good practices for the elderly, as well as solutions for active ageing.<\/p>\n<p>[\/vc_column_text][\/vc_column][vc_column width=&#8221;1\/2&#8243;]<div class=\"image_with_text\"><img itemprop=\"image\" src=\"https:\/\/www.frmr.ro\/wp-content\/uploads\/2017\/09\/cartolina-01.png\" alt=\"International Day of the Elderly\" \/><h3 >International Day of the Elderly<\/h3><span style=\"margin: 6px 0px;\" class=\"separator transparent\"><\/span><\/div>[vc_column_text]<\/p>\n<p style=\"text-align: left;\">The sixth edition of the \u201cFlowers for the Soul\u201d campaign reached over 6 500 Romanian elderly. For a week they enjoyed the good thoughts and attention of the volunteers from 28 counties, who organised over 70 events and activities to celebrate the International Day of the Eldely, also offering flowers and greeting cards.<\/p>\n<p>[\/vc_column_text][\/vc_column][\/vc_row][vc_row row_type=&#8221;row&#8221; use_row_as_full_screen_section=&#8221;no&#8221; type=&#8221;full_width&#8221; angled_section=&#8221;no&#8221; text_align=&#8221;left&#8221; background_image_as_pattern=&#8221;without_pattern&#8221; css_animation=&#8221;&#8221;][vc_column][vc_empty_space][\/vc_column][\/vc_row][vc_row row_type=&#8221;row&#8221; use_row_as_full_screen_section=&#8221;no&#8221; type=&#8221;full_width&#8221; angled_section=&#8221;no&#8221; text_align=&#8221;center&#8221; background_image_as_pattern=&#8221;without_pattern&#8221; css_animation=&#8221;&#8221;][vc_column width=&#8221;1\/2&#8243;]<div class=\"image_with_text\"><img itemprop=\"image\" src=\"https:\/\/www.frmr.ro\/wp-content\/uploads\/2016\/10\/ANG8396.jpg\" alt=\"Royal Charitable Concert \" \/><h3 >Royal Charitable Concert <\/h3><span style=\"margin: 6px 0px;\" class=\"separator transparent\"><\/span><\/div>[vc_column_text]<\/p>\n<p style=\"text-align: left;\">This anniversary edition of the Royal Charitable Concert brings on stage several of Romania`s most valuable artists: Remus Azoi\u021bei, Alexandra Dariescu and Teodor Ilinc\u0103i, accompanied by the Margareta of Romania Royal Foundation and conducted by Tiberiu Soare. With a thirteen-year history, the Royal Concert is one of the most long-lasting and most successful fundraising events in Romania.<\/p>\n<p>[\/vc_column_text][\/vc_column][vc_column width=&#8221;1\/2&#8243;]<div class=\"image_with_text\"><img itemprop=\"image\" src=\"https:\/\/www.frmr.ro\/wp-content\/uploads\/2016\/11\/ANG0937.jpg\" alt=\"Young Talents Gala \" \/><h3 >Young Talents Gala <\/h3><span style=\"margin: 6px 0px;\" class=\"separator transparent\"><\/span><\/div>[vc_column_text]<\/p>\n<p style=\"text-align: left;\">The\u00a0 scholars of the Young Talents programme performs in this event, celebrating their artistic achievements. HRH Maria awards them diplomas for their artistic development. The Young Talents Gala shows these youngsters` talent, their individual and common artistic projects and the progress made by them over the year.<\/p>\n<p>[\/vc_column_text][\/vc_column][\/vc_row][vc_row row_type=&#8221;row&#8221; use_row_as_full_screen_section=&#8221;no&#8221; type=&#8221;full_width&#8221; angled_section=&#8221;no&#8221; text_align=&#8221;left&#8221; background_image_as_pattern=&#8221;without_pattern&#8221; css_animation=&#8221;&#8221;][vc_column][vc_empty_space][\/vc_column][\/vc_row]<\/p>\n","protected":false},"excerpt":{"rendered":"<p>[vc_row row_type=&#8221;row&#8221; use_row_as_full_screen_section=&#8221;no&#8221; type=&#8221;full_width&#8221; angled_section=&#8221;no&#8221; text_align=&#8221;center&#8221; background_image_as_pattern=&#8221;without_pattern&#8221; css_animation=&#8221;&#8221;][vc_column width=&#8221;1\/2&#8243;][vc_column_text] This event acknowledged the most important initiatives of social responsibility developed by the Foundation\u2019s sponsors and partners. In the Kings Hall of Elisabeta Palace, the guests were leading personalities from the economic, banking, media and cultural&#8230;<\/p>\n","protected":false},"author":1,"featured_media":0,"parent":0,"menu_order":0,"comment_status":"closed","ping_status":"closed","template":"","meta":[],"yoast_head":"<!-- This site is optimized with the Yoast SEO plugin v17.5 - https:\/\/yoast.com\/wordpress\/plugins\/seo\/ -->\n<title>Events and Campaigns | Funda\u021bia Regal\u0103 Margareta a Rom\u00e2niei<\/title>\n<meta name=\"robots\" content=\"index, follow, max-snippet:-1, max-image-preview:large, max-video-preview:-1\" \/>\n<link rel=\"canonical\" href=\"https:\/\/www.frmr.ro\/en\/events-campaigns\/\" \/>\n<meta property=\"og:locale\" content=\"en_US\" \/>\n<meta property=\"og:type\" content=\"article\" \/>\n<meta property=\"og:title\" content=\"Events and Campaigns | Funda\u021bia Regal\u0103 Margareta a Rom\u00e2niei\" \/>\n<meta property=\"og:description\" content=\"[vc_row row_type=&#8221;row&#8221; use_row_as_full_screen_section=&#8221;no&#8221; type=&#8221;full_width&#8221; angled_section=&#8221;no&#8221; text_align=&#8221;center&#8221; background_image_as_pattern=&#8221;without_pattern&#8221; css_animation=&#8221;&#8221;][vc_column width=&#8221;1\/2&#8243;][vc_column_text] This event acknowledged the most important initiatives of social responsibility developed by the Foundation\u2019s sponsors and partners. In the Kings Hall of Elisabeta Palace, the guests were leading personalities from the economic, banking, media and cultural...\" \/>\n<meta property=\"og:url\" content=\"https:\/\/www.frmr.ro\/en\/events-campaigns\/\" \/>\n<meta property=\"og:site_name\" content=\"Funda\u021bia Regal\u0103 Margareta a Rom\u00e2niei\" \/>\n<meta property=\"article:publisher\" content=\"https:\/\/www.facebook.com\/www.frmr.ro\/\" \/>\n<meta property=\"article:modified_time\" content=\"2020-11-11T12:42:22+00:00\" \/>\n<meta name=\"twitter:card\" content=\"summary\" \/>\n<meta name=\"twitter:label1\" content=\"Est. reading time\" \/>\n\t<meta name=\"twitter:data1\" content=\"3 minutes\" \/>\n<script type=\"application\/ld+json\" class=\"yoast-schema-graph\">{\"@context\":\"https:\/\/schema.org\",\"@graph\":[{\"@type\":\"Organization\",\"@id\":\"https:\/\/www.frmr.ro\/#organization\",\"name\":\"Fundatia Regala Margareta a Romaniei\",\"url\":\"https:\/\/www.frmr.ro\/\",\"sameAs\":[\"https:\/\/www.facebook.com\/www.frmr.ro\/\",\"https:\/\/www.linkedin.com\/company\/13060592\/admin\/\",\"https:\/\/www.youtube.com\/channel\/UCPJ7LnrfyvzrWu9_vE79DKg?view_as=subscriber\",\"https:\/\/ro.wikipedia.org\/wiki\/Funda\\u021bia_\\u201ePrincipesa_Margareta_a_Rom\\u00e2niei\\u201d\"],\"logo\":{\"@type\":\"ImageObject\",\"@id\":\"https:\/\/www.frmr.ro\/#logo\",\"inLanguage\":\"en-US\",\"url\":\"https:\/\/www.frmr.ro\/wp-content\/uploads\/2019\/07\/logo-ok.jpg\",\"contentUrl\":\"https:\/\/www.frmr.ro\/wp-content\/uploads\/2019\/07\/logo-ok.jpg\",\"width\":672,\"height\":209,\"caption\":\"Fundatia Regala Margareta a Romaniei\"},\"image\":{\"@id\":\"https:\/\/www.frmr.ro\/#logo\"}},{\"@type\":\"WebSite\",\"@id\":\"https:\/\/www.frmr.ro\/#website\",\"url\":\"https:\/\/www.frmr.ro\/\",\"name\":\"Funda\\u021bia Regal\\u0103 Margareta a Rom\\u00e2niei\",\"description\":\"Din dragoste pentru Rom\\u00e2nia\",\"publisher\":{\"@id\":\"https:\/\/www.frmr.ro\/#organization\"},\"potentialAction\":[{\"@type\":\"SearchAction\",\"target\":{\"@type\":\"EntryPoint\",\"urlTemplate\":\"https:\/\/www.frmr.ro\/?s={search_term_string}\"},\"query-input\":\"required name=search_term_string\"}],\"inLanguage\":\"en-US\"},{\"@type\":\"WebPage\",\"@id\":\"https:\/\/www.frmr.ro\/en\/events-campaigns\/#webpage\",\"url\":\"https:\/\/www.frmr.ro\/en\/events-campaigns\/\",\"name\":\"Events and Campaigns | Funda\\u021bia Regal\\u0103 Margareta a Rom\\u00e2niei\",\"isPartOf\":{\"@id\":\"https:\/\/www.frmr.ro\/#website\"},\"datePublished\":\"2016-11-23T19:28:26+00:00\",\"dateModified\":\"2020-11-11T12:42:22+00:00\",\"breadcrumb\":{\"@id\":\"https:\/\/www.frmr.ro\/en\/events-campaigns\/#breadcrumb\"},\"inLanguage\":\"en-US\",\"potentialAction\":[{\"@type\":\"ReadAction\",\"target\":[\"https:\/\/www.frmr.ro\/en\/events-campaigns\/\"]}]},{\"@type\":\"BreadcrumbList\",\"@id\":\"https:\/\/www.frmr.ro\/en\/events-campaigns\/#breadcrumb\",\"itemListElement\":[{\"@type\":\"ListItem\",\"position\":1,\"name\":\"Acas\\u0103\",\"item\":\"https:\/\/www.frmr.ro\/en\/\"},{\"@type\":\"ListItem\",\"position\":2,\"name\":\"Events and Campaigns\"}]}]}<\/script>\n<!-- \/ Yoast SEO plugin. -->","yoast_head_json":{"title":"Events and Campaigns | Funda\u021bia Regal\u0103 Margareta a Rom\u00e2niei","robots":{"index":"index","follow":"follow","max-snippet":"max-snippet:-1","max-image-preview":"max-image-preview:large","max-video-preview":"max-video-preview:-1"},"canonical":"https:\/\/www.frmr.ro\/en\/events-campaigns\/","og_locale":"en_US","og_type":"article","og_title":"Events and Campaigns | Funda\u021bia Regal\u0103 Margareta a Rom\u00e2niei","og_description":"[vc_row row_type=&#8221;row&#8221; use_row_as_full_screen_section=&#8221;no&#8221; type=&#8221;full_width&#8221; angled_section=&#8221;no&#8221; text_align=&#8221;center&#8221; background_image_as_pattern=&#8221;without_pattern&#8221; css_animation=&#8221;&#8221;][vc_column width=&#8221;1\/2&#8243;][vc_column_text] This event acknowledged the most important initiatives of social responsibility developed by the Foundation\u2019s sponsors and partners. In the Kings Hall of Elisabeta Palace, the guests were leading personalities from the economic, banking, media and cultural...","og_url":"https:\/\/www.frmr.ro\/en\/events-campaigns\/","og_site_name":"Funda\u021bia Regal\u0103 Margareta a Rom\u00e2niei","article_publisher":"https:\/\/www.facebook.com\/www.frmr.ro\/","article_modified_time":"2020-11-11T12:42:22+00:00","twitter_card":"summary","twitter_misc":{"Est. reading time":"3 minutes"},"schema":{"@context":"https:\/\/schema.org","@graph":[{"@type":"Organization","@id":"https:\/\/www.frmr.ro\/#organization","name":"Fundatia Regala Margareta a Romaniei","url":"https:\/\/www.frmr.ro\/","sameAs":["https:\/\/www.facebook.com\/www.frmr.ro\/","https:\/\/www.linkedin.com\/company\/13060592\/admin\/","https:\/\/www.youtube.com\/channel\/UCPJ7LnrfyvzrWu9_vE79DKg?view_as=subscriber","https:\/\/ro.wikipedia.org\/wiki\/Funda\u021bia_\u201ePrincipesa_Margareta_a_Rom\u00e2niei\u201d"],"logo":{"@type":"ImageObject","@id":"https:\/\/www.frmr.ro\/#logo","inLanguage":"en-US","url":"https:\/\/www.frmr.ro\/wp-content\/uploads\/2019\/07\/logo-ok.jpg","contentUrl":"https:\/\/www.frmr.ro\/wp-content\/uploads\/2019\/07\/logo-ok.jpg","width":672,"height":209,"caption":"Fundatia Regala Margareta a Romaniei"},"image":{"@id":"https:\/\/www.frmr.ro\/#logo"}},{"@type":"WebSite","@id":"https:\/\/www.frmr.ro\/#website","url":"https:\/\/www.frmr.ro\/","name":"Funda\u021bia Regal\u0103 Margareta a Rom\u00e2niei","description":"Din dragoste pentru Rom\u00e2nia","publisher":{"@id":"https:\/\/www.frmr.ro\/#organization"},"potentialAction":[{"@type":"SearchAction","target":{"@type":"EntryPoint","urlTemplate":"https:\/\/www.frmr.ro\/?s={search_term_string}"},"query-input":"required name=search_term_string"}],"inLanguage":"en-US"},{"@type":"WebPage","@id":"https:\/\/www.frmr.ro\/en\/events-campaigns\/#webpage","url":"https:\/\/www.frmr.ro\/en\/events-campaigns\/","name":"Events and Campaigns | Funda\u021bia Regal\u0103 Margareta a Rom\u00e2niei","isPartOf":{"@id":"https:\/\/www.frmr.ro\/#website"},"datePublished":"2016-11-23T19:28:26+00:00","dateModified":"2020-11-11T12:42:22+00:00","breadcrumb":{"@id":"https:\/\/www.frmr.ro\/en\/events-campaigns\/#breadcrumb"},"inLanguage":"en-US","potentialAction":[{"@type":"ReadAction","target":["https:\/\/www.frmr.ro\/en\/events-campaigns\/"]}]},{"@type":"BreadcrumbList","@id":"https:\/\/www.frmr.ro\/en\/events-campaigns\/#breadcrumb","itemListElement":[{"@type":"ListItem","position":1,"name":"Acas\u0103","item":"https:\/\/www.frmr.ro\/en\/"},{"@type":"ListItem","position":2,"name":"Events and Campaigns"}]}]}},"wps_subtitle":"","_links":{"self":[{"href":"https:\/\/www.frmr.ro\/en\/wp-json\/wp\/v2\/pages\/20972"}],"collection":[{"href":"https:\/\/www.frmr.ro\/en\/wp-json\/wp\/v2\/pages"}],"about":[{"href":"https:\/\/www.frmr.ro\/en\/wp-json\/wp\/v2\/types\/page"}],"author":[{"embeddable":true,"href":"https:\/\/www.frmr.ro\/en\/wp-json\/wp\/v2\/users\/1"}],"replies":[{"embeddable":true,"href":"https:\/\/www.frmr.ro\/en\/wp-json\/wp\/v2\/comments?post=20972"}],"version-history":[{"count":12,"href":"https:\/\/www.frmr.ro\/en\/wp-json\/wp\/v2\/pages\/20972\/revisions"}],"predecessor-version":[{"id":26523,"href":"https:\/\/www.frmr.ro\/en\/wp-json\/wp\/v2\/pages\/20972\/revisions\/26523"}],"wp:attachment":[{"href":"https:\/\/www.frmr.ro\/en\/wp-json\/wp\/v2\/media?parent=20972"}],"curies":[{"name":"wp","href":"https:\/\/api.w.org\/{rel}","templated":true}]}}