{"id":20918,"date":"2016-08-04T10:41:15","date_gmt":"2016-08-04T10:41:15","guid":{"rendered":"https:\/\/www.frmr.ro\/telefonul-varstnicului\/?lang=en"},"modified":"2020-11-11T13:50:21","modified_gmt":"2020-11-11T11:50:21","slug":"the-elderly-phone","status":"publish","type":"page","link":"https:\/\/www.frmr.ro\/en\/the-elderly-phone\/","title":{"rendered":"The Elderly Line"},"content":{"rendered":"<p>[vc_row row_type=&#8221;row&#8221; use_row_as_full_screen_section=&#8221;no&#8221; type=&#8221;full_width&#8221; angled_section=&#8221;no&#8221; text_align=&#8221;left&#8221; background_image_as_pattern=&#8221;without_pattern&#8221; css_animation=&#8221;&#8221;][vc_column][\/vc_column][\/vc_row][vc_row row_type=&#8221;row&#8221; use_row_as_full_screen_section=&#8221;no&#8221; type=&#8221;full_width&#8221; angled_section=&#8221;no&#8221; text_align=&#8221;left&#8221; background_image_as_pattern=&#8221;without_pattern&#8221; css_animation=&#8221;&#8221;][vc_column][vc_single_image image=&#8221;21017&#8243; img_size=&#8221;full&#8221; qode_css_animation=&#8221;&#8221;][vc_empty_space][vc_separator type=&#8221;transparent&#8221;][vc_separator type=&#8221;transparent&#8221;][vc_row_inner row_type=&#8221;row&#8221; type=&#8221;full_width&#8221; text_align=&#8221;left&#8221; css_animation=&#8221;&#8221;][vc_column_inner][vc_empty_space][vc_column_text]<\/p>\n<div id=\"page_title\"><\/div>\n<div id=\"page_toolbar\"><\/div>\n<div id=\"page_text\">\n<div>According to the NSI, more than 3.25 million people in Romania are aged over 65, and the accelerated demographic ageing is a certainty worldwide. Moreover, approximately 1.5 million elderly in Romania are affected by loneliness, to a greater or lesser extent, according to the national survey conducted by GfK for frmr, in September 2015. The Elderly Line is a project developed in support of seniors across the country, in response to the demographic ageing issue. The program was launched through the Connecting for Good programme.<\/div>\n<\/div>\n<p>[\/vc_column_text][\/vc_column_inner][\/vc_row_inner][vc_empty_space][vc_column_text]<\/p>\n<h3><span style=\"color: #333399;\"><strong>How does the Elderly Line work?<\/strong><\/span><\/h3>\n<p>[\/vc_column_text][vc_empty_space][vc_column_text]<\/p>\n<div id=\"page_title\"><\/div>\n<div id=\"page_text\">\n<div>\n<p>The Elderly Line is the first free and confidential help line accessible at national level, dedicated to the elderly. The project aims at increasing the quality of life and social participation among the elderly and comes as a response to the problems faced by elders in Romania, as the only functional service of this type.<\/p>\n<p>Specialised operators respond from the heart, providing information and guidance. Volunteers involved build friendships with the lonely elderly.<\/p>\n<\/div>\n<div><\/div>\n<\/div>\n<p>[\/vc_column_text][vc_empty_space][vc_column_text]<\/p>\n<h3><span style=\"color: #333399;\"><strong>The Elderly Line means:<\/strong><\/span><\/h3>\n<p>[\/vc_column_text][vc_empty_space][vc_column_text]<\/p>\n<div id=\"page_title\">\n<div id=\"page_title\">A national call-centre with free phone number<\/div>\n<div>\n<ul>\n<li>A network of services and information of interest to the elderly<\/li>\n<li>Specialised team and trained volunteers<\/li>\n<li>Analyses and studies on the Romanian elderly issues<\/li>\n<li>Information and awareness raising campaigns on the elderly<\/li>\n<\/ul>\n<p>1 September 2017 \u2013 launch of the Seniors\u2019 TeleClub, socialisation service for the elderly<\/p>\n<p>More than 680 elders went out to eat with City Grill support, through the \u201cBe the Angel of the elderly\u201d campaign<\/p>\n<p>1 October 2017 \u2013 The National Conference for a beautiful old age and the launch of the \u201cTop Needs of the Elderly in Romania\u201d analysis<\/p>\n<p>More than 100 elders watched a theatre play with the support of Godot Cafe Theatre through the \u201cInvite a grandparent to the theatre\u201d campaign<\/p>\n<\/div>\n<\/div>\n<p>[\/vc_column_text][vc_empty_space][vc_column_text]<\/p>\n<h3><span style=\"color: #333399;\"><strong>Programme beneficiaries<\/strong><\/span><\/h3>\n<p>[\/vc_column_text][vc_empty_space][vc_column_text]The phone line is dedicated to people aged over 65 from Romania, from the urban and rural areas. So far, over 53 000 phone interactions have been recorded and over 9500 elderly people have been unique beneficiaries of the information, counselling or socialization services.[\/vc_column_text][vc_empty_space][vc_column_text]<\/p>\n<h3><span style=\"color: #333399;\"><strong>Main services for the Romanian elders<\/strong><\/span><\/h3>\n<p>[\/vc_column_text][vc_empty_space][vc_column_text]Useful and of general interest information for the elderly who do not know whom to call and which institutions to address for their problems. They can find an immediate, fast\/ quick\/swift and free answer at the Elderly Line.<\/p>\n<p>Social guidance and counselling provided to the elderly in need of specialised services or practical solutions, but also to the families of those in need of home care or support of various types. They are directed to the competent institutions in their community.<\/p>\n<p>Emotional support and alleviation of loneliness for those elderly who experience physical or emotional isolation and feel the need to talk and be listened to. Those calling for this service are regularly called by the specialised operators and volunteers trained to help them.<\/p>\n<p>In September 2017, the Margareta of Romania Royal Foundation launched the Seniors\u2019 Teleclub, a service complementary to the periodic phone recall service. The Seniors\u2019 Teleclub comes as a solution to alleviate the loneliness of elderly who cannot take part in a seniors club, either because it does not exist or because the elderly cannot move. Through the Seniors\u2019 Teleclub, the elderly have the opportunity to socialize and talk with each other on topics of common interest. Thus, the group becomes an emotional bridge and moral support, enhancing the sense of trust and belonging.<br \/>\nPromotion of social participation for those seniors who are still active, who express their wish to become volunteers in their community<br \/>\nReporting abuses to which the elderly are subjected[\/vc_column_text][vc_empty_space][vc_column_text]<\/p>\n<h3><span style=\"color: #333399;\"><strong>We answer from the heart<\/strong><\/span><\/h3>\n<p>[\/vc_column_text][vc_empty_space][vc_column_text]<\/p>\n<ul>\n<li>53000 calls recorded so far<\/li>\n<li>9500 unique beneficiaries received assistance, information and support services<\/li>\n<li>800 friendships were created by weekly calling<\/li>\n<li>750 volunteer hours and 22 volunteers of different ages interacted with the elderly<\/li>\n<li>2532 hours of social counselling and socialization<\/li>\n<li>400 partner institutions and NGOs<\/li>\n<\/ul>\n<p>[\/vc_column_text][vc_empty_space][\/vc_column][\/vc_row]<\/p>\n","protected":false},"excerpt":{"rendered":"<p>[vc_row row_type=&#8221;row&#8221; use_row_as_full_screen_section=&#8221;no&#8221; type=&#8221;full_width&#8221; angled_section=&#8221;no&#8221; text_align=&#8221;left&#8221; background_image_as_pattern=&#8221;without_pattern&#8221; css_animation=&#8221;&#8221;][vc_column][\/vc_column][\/vc_row][vc_row row_type=&#8221;row&#8221; use_row_as_full_screen_section=&#8221;no&#8221; type=&#8221;full_width&#8221; angled_section=&#8221;no&#8221; text_align=&#8221;left&#8221; background_image_as_pattern=&#8221;without_pattern&#8221; css_animation=&#8221;&#8221;][vc_column][vc_single_image image=&#8221;21017&#8243; img_size=&#8221;full&#8221; qode_css_animation=&#8221;&#8221;][vc_empty_space][vc_separator type=&#8221;transparent&#8221;][vc_separator type=&#8221;transparent&#8221;][vc_row_inner row_type=&#8221;row&#8221; type=&#8221;full_width&#8221; text_align=&#8221;left&#8221; css_animation=&#8221;&#8221;][vc_column_inner][vc_empty_space][vc_column_text] According to the NSI, more than 3.25 million people in Romania are aged over 65, and the accelerated demographic ageing is&#8230;<\/p>\n","protected":false},"author":1,"featured_media":22990,"parent":0,"menu_order":0,"comment_status":"closed","ping_status":"closed","template":"","meta":[],"yoast_head":"<!-- This site is optimized with the Yoast SEO plugin v17.5 - https:\/\/yoast.com\/wordpress\/plugins\/seo\/ -->\n<title>The Elderly Line | Funda\u021bia Regal\u0103 Margareta a Rom\u00e2niei<\/title>\n<meta name=\"description\" content=\"Telefonul V\u00e2rstnicului - 0800 460 001 este o linie telefonic\u0103 gratuit\u0103 \u0219i confiden\u021bial\u0103, care r\u0103spunde nevoilor v\u00e2rstnicilor din Rom\u00e2nia\" \/>\n<meta name=\"robots\" content=\"index, follow, max-snippet:-1, max-image-preview:large, max-video-preview:-1\" \/>\n<link rel=\"canonical\" href=\"https:\/\/www.frmr.ro\/en\/the-elderly-phone\/\" \/>\n<meta property=\"og:locale\" content=\"en_US\" \/>\n<meta property=\"og:type\" content=\"article\" \/>\n<meta property=\"og:title\" content=\"The Elderly Line | Funda\u021bia Regal\u0103 Margareta a Rom\u00e2niei\" \/>\n<meta property=\"og:description\" content=\"Telefonul V\u00e2rstnicului - 0800 460 001 este o linie telefonic\u0103 gratuit\u0103 \u0219i confiden\u021bial\u0103, care r\u0103spunde nevoilor v\u00e2rstnicilor din Rom\u00e2nia\" \/>\n<meta property=\"og:url\" content=\"https:\/\/www.frmr.ro\/en\/the-elderly-phone\/\" \/>\n<meta property=\"og:site_name\" content=\"Funda\u021bia Regal\u0103 Margareta a Rom\u00e2niei\" \/>\n<meta property=\"article:publisher\" content=\"https:\/\/www.facebook.com\/www.frmr.ro\/\" \/>\n<meta property=\"article:modified_time\" content=\"2020-11-11T11:50:21+00:00\" \/>\n<meta property=\"og:image\" content=\"https:\/\/www.frmr.ro\/wp-content\/uploads\/2019\/06\/tel-final-2.png\" \/>\n\t<meta property=\"og:image:width\" content=\"1248\" \/>\n\t<meta property=\"og:image:height\" content=\"438\" \/>\n<meta name=\"twitter:card\" content=\"summary\" \/>\n<meta name=\"twitter:label1\" content=\"Est. reading time\" \/>\n\t<meta name=\"twitter:data1\" content=\"4 minutes\" \/>\n<script type=\"application\/ld+json\" class=\"yoast-schema-graph\">{\"@context\":\"https:\/\/schema.org\",\"@graph\":[{\"@type\":\"Organization\",\"@id\":\"https:\/\/www.frmr.ro\/#organization\",\"name\":\"Fundatia Regala Margareta a Romaniei\",\"url\":\"https:\/\/www.frmr.ro\/\",\"sameAs\":[\"https:\/\/www.facebook.com\/www.frmr.ro\/\",\"https:\/\/www.linkedin.com\/company\/13060592\/admin\/\",\"https:\/\/www.youtube.com\/channel\/UCPJ7LnrfyvzrWu9_vE79DKg?view_as=subscriber\",\"https:\/\/ro.wikipedia.org\/wiki\/Funda\\u021bia_\\u201ePrincipesa_Margareta_a_Rom\\u00e2niei\\u201d\"],\"logo\":{\"@type\":\"ImageObject\",\"@id\":\"https:\/\/www.frmr.ro\/#logo\",\"inLanguage\":\"en-US\",\"url\":\"https:\/\/www.frmr.ro\/wp-content\/uploads\/2019\/07\/logo-ok.jpg\",\"contentUrl\":\"https:\/\/www.frmr.ro\/wp-content\/uploads\/2019\/07\/logo-ok.jpg\",\"width\":672,\"height\":209,\"caption\":\"Fundatia Regala Margareta a Romaniei\"},\"image\":{\"@id\":\"https:\/\/www.frmr.ro\/#logo\"}},{\"@type\":\"WebSite\",\"@id\":\"https:\/\/www.frmr.ro\/#website\",\"url\":\"https:\/\/www.frmr.ro\/\",\"name\":\"Funda\\u021bia Regal\\u0103 Margareta a Rom\\u00e2niei\",\"description\":\"Din dragoste pentru Rom\\u00e2nia\",\"publisher\":{\"@id\":\"https:\/\/www.frmr.ro\/#organization\"},\"potentialAction\":[{\"@type\":\"SearchAction\",\"target\":{\"@type\":\"EntryPoint\",\"urlTemplate\":\"https:\/\/www.frmr.ro\/?s={search_term_string}\"},\"query-input\":\"required name=search_term_string\"}],\"inLanguage\":\"en-US\"},{\"@type\":\"ImageObject\",\"@id\":\"https:\/\/www.frmr.ro\/en\/the-elderly-phone\/#primaryimage\",\"inLanguage\":\"en-US\",\"url\":\"https:\/\/www.frmr.ro\/wp-content\/uploads\/2019\/06\/tel-final-2.png\",\"contentUrl\":\"https:\/\/www.frmr.ro\/wp-content\/uploads\/2019\/06\/tel-final-2.png\",\"width\":1248,\"height\":438},{\"@type\":\"WebPage\",\"@id\":\"https:\/\/www.frmr.ro\/en\/the-elderly-phone\/#webpage\",\"url\":\"https:\/\/www.frmr.ro\/en\/the-elderly-phone\/\",\"name\":\"The Elderly Line | Funda\\u021bia Regal\\u0103 Margareta a Rom\\u00e2niei\",\"isPartOf\":{\"@id\":\"https:\/\/www.frmr.ro\/#website\"},\"primaryImageOfPage\":{\"@id\":\"https:\/\/www.frmr.ro\/en\/the-elderly-phone\/#primaryimage\"},\"datePublished\":\"2016-08-04T10:41:15+00:00\",\"dateModified\":\"2020-11-11T11:50:21+00:00\",\"description\":\"Telefonul V\\u00e2rstnicului - 0800 460 001 este o linie telefonic\\u0103 gratuit\\u0103 \\u0219i confiden\\u021bial\\u0103, care r\\u0103spunde nevoilor v\\u00e2rstnicilor din Rom\\u00e2nia\",\"breadcrumb\":{\"@id\":\"https:\/\/www.frmr.ro\/en\/the-elderly-phone\/#breadcrumb\"},\"inLanguage\":\"en-US\",\"potentialAction\":[{\"@type\":\"ReadAction\",\"target\":[\"https:\/\/www.frmr.ro\/en\/the-elderly-phone\/\"]}]},{\"@type\":\"BreadcrumbList\",\"@id\":\"https:\/\/www.frmr.ro\/en\/the-elderly-phone\/#breadcrumb\",\"itemListElement\":[{\"@type\":\"ListItem\",\"position\":1,\"name\":\"Acas\\u0103\",\"item\":\"https:\/\/www.frmr.ro\/en\/\"},{\"@type\":\"ListItem\",\"position\":2,\"name\":\"The Elderly Line\"}]}]}<\/script>\n<!-- \/ Yoast SEO plugin. -->","yoast_head_json":{"title":"The Elderly Line | Funda\u021bia Regal\u0103 Margareta a Rom\u00e2niei","description":"Telefonul V\u00e2rstnicului - 0800 460 001 este o linie telefonic\u0103 gratuit\u0103 \u0219i confiden\u021bial\u0103, care r\u0103spunde nevoilor v\u00e2rstnicilor din Rom\u00e2nia","robots":{"index":"index","follow":"follow","max-snippet":"max-snippet:-1","max-image-preview":"max-image-preview:large","max-video-preview":"max-video-preview:-1"},"canonical":"https:\/\/www.frmr.ro\/en\/the-elderly-phone\/","og_locale":"en_US","og_type":"article","og_title":"The Elderly Line | Funda\u021bia Regal\u0103 Margareta a Rom\u00e2niei","og_description":"Telefonul V\u00e2rstnicului - 0800 460 001 este o linie telefonic\u0103 gratuit\u0103 \u0219i confiden\u021bial\u0103, care r\u0103spunde nevoilor v\u00e2rstnicilor din Rom\u00e2nia","og_url":"https:\/\/www.frmr.ro\/en\/the-elderly-phone\/","og_site_name":"Funda\u021bia Regal\u0103 Margareta a Rom\u00e2niei","article_publisher":"https:\/\/www.facebook.com\/www.frmr.ro\/","article_modified_time":"2020-11-11T11:50:21+00:00","og_image":[{"width":1248,"height":438,"url":"https:\/\/www.frmr.ro\/wp-content\/uploads\/2019\/06\/tel-final-2.png","type":"image\/png"}],"twitter_card":"summary","twitter_misc":{"Est. reading time":"4 minutes"},"schema":{"@context":"https:\/\/schema.org","@graph":[{"@type":"Organization","@id":"https:\/\/www.frmr.ro\/#organization","name":"Fundatia Regala Margareta a Romaniei","url":"https:\/\/www.frmr.ro\/","sameAs":["https:\/\/www.facebook.com\/www.frmr.ro\/","https:\/\/www.linkedin.com\/company\/13060592\/admin\/","https:\/\/www.youtube.com\/channel\/UCPJ7LnrfyvzrWu9_vE79DKg?view_as=subscriber","https:\/\/ro.wikipedia.org\/wiki\/Funda\u021bia_\u201ePrincipesa_Margareta_a_Rom\u00e2niei\u201d"],"logo":{"@type":"ImageObject","@id":"https:\/\/www.frmr.ro\/#logo","inLanguage":"en-US","url":"https:\/\/www.frmr.ro\/wp-content\/uploads\/2019\/07\/logo-ok.jpg","contentUrl":"https:\/\/www.frmr.ro\/wp-content\/uploads\/2019\/07\/logo-ok.jpg","width":672,"height":209,"caption":"Fundatia Regala Margareta a Romaniei"},"image":{"@id":"https:\/\/www.frmr.ro\/#logo"}},{"@type":"WebSite","@id":"https:\/\/www.frmr.ro\/#website","url":"https:\/\/www.frmr.ro\/","name":"Funda\u021bia Regal\u0103 Margareta a Rom\u00e2niei","description":"Din dragoste pentru Rom\u00e2nia","publisher":{"@id":"https:\/\/www.frmr.ro\/#organization"},"potentialAction":[{"@type":"SearchAction","target":{"@type":"EntryPoint","urlTemplate":"https:\/\/www.frmr.ro\/?s={search_term_string}"},"query-input":"required name=search_term_string"}],"inLanguage":"en-US"},{"@type":"ImageObject","@id":"https:\/\/www.frmr.ro\/en\/the-elderly-phone\/#primaryimage","inLanguage":"en-US","url":"https:\/\/www.frmr.ro\/wp-content\/uploads\/2019\/06\/tel-final-2.png","contentUrl":"https:\/\/www.frmr.ro\/wp-content\/uploads\/2019\/06\/tel-final-2.png","width":1248,"height":438},{"@type":"WebPage","@id":"https:\/\/www.frmr.ro\/en\/the-elderly-phone\/#webpage","url":"https:\/\/www.frmr.ro\/en\/the-elderly-phone\/","name":"The Elderly Line | Funda\u021bia Regal\u0103 Margareta a Rom\u00e2niei","isPartOf":{"@id":"https:\/\/www.frmr.ro\/#website"},"primaryImageOfPage":{"@id":"https:\/\/www.frmr.ro\/en\/the-elderly-phone\/#primaryimage"},"datePublished":"2016-08-04T10:41:15+00:00","dateModified":"2020-11-11T11:50:21+00:00","description":"Telefonul V\u00e2rstnicului - 0800 460 001 este o linie telefonic\u0103 gratuit\u0103 \u0219i confiden\u021bial\u0103, care r\u0103spunde nevoilor v\u00e2rstnicilor din Rom\u00e2nia","breadcrumb":{"@id":"https:\/\/www.frmr.ro\/en\/the-elderly-phone\/#breadcrumb"},"inLanguage":"en-US","potentialAction":[{"@type":"ReadAction","target":["https:\/\/www.frmr.ro\/en\/the-elderly-phone\/"]}]},{"@type":"BreadcrumbList","@id":"https:\/\/www.frmr.ro\/en\/the-elderly-phone\/#breadcrumb","itemListElement":[{"@type":"ListItem","position":1,"name":"Acas\u0103","item":"https:\/\/www.frmr.ro\/en\/"},{"@type":"ListItem","position":2,"name":"The Elderly Line"}]}]}},"wps_subtitle":"","_links":{"self":[{"href":"https:\/\/www.frmr.ro\/en\/wp-json\/wp\/v2\/pages\/20918"}],"collection":[{"href":"https:\/\/www.frmr.ro\/en\/wp-json\/wp\/v2\/pages"}],"about":[{"href":"https:\/\/www.frmr.ro\/en\/wp-json\/wp\/v2\/types\/page"}],"author":[{"embeddable":true,"href":"https:\/\/www.frmr.ro\/en\/wp-json\/wp\/v2\/users\/1"}],"replies":[{"embeddable":true,"href":"https:\/\/www.frmr.ro\/en\/wp-json\/wp\/v2\/comments?post=20918"}],"version-history":[{"count":10,"href":"https:\/\/www.frmr.ro\/en\/wp-json\/wp\/v2\/pages\/20918\/revisions"}],"predecessor-version":[{"id":26510,"href":"https:\/\/www.frmr.ro\/en\/wp-json\/wp\/v2\/pages\/20918\/revisions\/26510"}],"wp:featuredmedia":[{"embeddable":true,"href":"https:\/\/www.frmr.ro\/en\/wp-json\/wp\/v2\/media\/22990"}],"wp:attachment":[{"href":"https:\/\/www.frmr.ro\/en\/wp-json\/wp\/v2\/media?parent=20918"}],"curies":[{"name":"wp","href":"https:\/\/api.w.org\/{rel}","templated":true}]}}