{"id":20915,"date":"2016-08-04T10:41:38","date_gmt":"2016-08-04T10:41:38","guid":{"rendered":"https:\/\/www.frmr.ro\/centrele-comunitare-generatii\/?lang=en"},"modified":"2018-04-18T11:32:22","modified_gmt":"2018-04-18T09:32:22","slug":"generations-centres","status":"publish","type":"page","link":"https:\/\/www.frmr.ro\/en\/generations-centres\/","title":{"rendered":"Generations Centres"},"content":{"rendered":"<p>[vc_row row_type=&#8221;row&#8221; use_row_as_full_screen_section=&#8221;yes&#8221; type=&#8221;full_width&#8221; angled_section=&#8221;no&#8221; text_align=&#8221;left&#8221; background_image_as_pattern=&#8221;without_pattern&#8221; css_animation=&#8221;&#8221;][vc_column][vc_single_image image=&#8221;21020&#8243; img_size=&#8221;large&#8221; alignment=&#8221;center&#8221; qode_css_animation=&#8221;&#8221;][\/vc_column][\/vc_row][vc_row row_type=&#8221;row&#8221; use_row_as_full_screen_section=&#8221;no&#8221; type=&#8221;full_width&#8221; angled_section=&#8221;no&#8221; text_align=&#8221;left&#8221; background_image_as_pattern=&#8221;without_pattern&#8221; css_animation=&#8221;&#8221;][vc_column][vc_empty_space][vc_column_text]Two of the social problems that Romania faces today are early school dropout generated by poverty and accelerated demographic ageing. The day-care centres in the country, which provide social assistance and educational support to children from families in need, often face insufficient resources. On the other hand, many of the elderly have a sense of uselessness and suffer from the loss of their social role. Children from modest families and seniors who want to be active meet within the intergenerational centres created by the Generations Programme.<br \/>\nUsing the elderly as a resource for the community is an important paradigm shift, but an absolutely necessary one for encouraging active ageing and adapting to the existing demographic situation.[\/vc_column_text][vc_empty_space][vc_column_text]<\/p>\n<h3><span style=\"color: #333399;\"><strong>How we support children, seniors and social centres in communities<\/strong><\/span><\/h3>\n<p>[\/vc_column_text][vc_empty_space][vc_column_text]Building on the experience of working with senior volunteers to support children from disadvantaged backgrounds, the Foundation has created an intergenerational methodology in order to implement this approach in as many communities across the country as possible. Seniors wishing to have an active life get involved as volunteers, in the day-to-day activities of day-care centres.<\/p>\n<p>In 2017, we succeeded in extending the Generations Method to 4 new centres in Bucharest, Bac\u0103u and Bra\u0219ov, and we funded 11 intergenerational centres in total. The Generations method is currently implemented in 15 centres across the country.[\/vc_column_text][vc_empty_space][vc_column_text]<\/p>\n<h3><span style=\"color: #333399;\"><strong>The Generations Community Centre programme means:<\/strong><\/span><\/h3>\n<p>[\/vc_column_text][vc_empty_space][vc_column_text]<\/p>\n<ul>\n<li>Activating elderly from the community, as volunteers for children attending day-care centres, with the role of mentors, teachers, craftsmen for creative workshops or friends.<\/li>\n<li>Using intergenerational working methods in the various activities of day-care centres for children.<\/li>\n<li>High quality social assistance and school guidance provided to all their beneficiaries.<\/li>\n<li>Mobilising the community for fundraising campaigns or events and involving the Community Foundations as a local partner.<\/li>\n<li>Awarding a grant up to 8.000 Euro to after-school social centres to support intergenerational activities.<\/li>\n<\/ul>\n<p>[\/vc_column_text][vc_empty_space][vc_column_text]<\/p>\n<h3><span style=\"color: #333399;\"><strong>Intergenerational centres in 2017<\/strong><\/span><\/h3>\n<p>[\/vc_column_text][vc_empty_space][vc_column_text]<\/p>\n<ul>\n<li>The Generations Center in Bucharest<\/li>\n<li>Diakonia Christian Foundation \u2013 Day care centre for children from disadvantaged families;<\/li>\n<li>Buckner Foundation;<\/li>\n<li>Multifunctional Philanthropy Association \u2013 St. Spiridon Day Care Centre;<\/li>\n<li>Good Samaritan Association;<\/li>\n<li>St. Vasile the Great orthodox association \u2013 Speran\u021ba Day Care Centre;<\/li>\n<li>Cuv\u00e2ntul \u00centrupat Foundation \u2013 \u201cLa vale\u201d Community Centre of Gala\u021bi;<\/li>\n<li>Chance for Life Association;<\/li>\n<li>St. Archdeacon \u0218tefan Association;<\/li>\n<li>Community Support Foundation \u2013 Mozaic Day Care Centre;<\/li>\n<li>Diaconia Foundation of Bra\u0219ov.<\/li>\n<li>Activities of senior volunteers<\/li>\n<li>Guiding children in doing their homework and individual schooling<\/li>\n<li>Educational courses: foreign languages, reading club, painting<\/li>\n<li>Vocational clubs: dance, choir, chess, guitar, photography, handmade items<\/li>\n<li>Creative workshops and traditional crafts, such as sewing or knitting<\/li>\n<li>Games and socialisation, birthday anniversary, sports activities<\/li>\n<li>Personal development: educational traveling, practical course of good manners<\/li>\n<\/ul>\n<p>[\/vc_column_text][vc_empty_space][vc_column_text]<\/p>\n<h3><span style=\"color: #333399;\"><strong>Results in 2017:<\/strong><\/span><\/h3>\n<p>[\/vc_column_text][vc_empty_space][vc_column_text]<\/p>\n<ul>\n<li>4 new intergenerational centres<\/li>\n<li>589 children attend the 15 intergenerational centres in the country<\/li>\n<li>2160 indirect beneficiaries (parents, grandparents, brothers\/sisters)<\/li>\n<li>125 elderly volunteers work daily with children<\/li>\n<li>99.8% of the beneficiaries completed the school year<\/li>\n<li>63% improved their school performance<\/li>\n<li>18000 hours of social assistance, socialisation and schooling<\/li>\n<\/ul>\n<p>[\/vc_column_text][vc_empty_space][\/vc_column][\/vc_row]<\/p>\n","protected":false},"excerpt":{"rendered":"<p>[vc_row row_type=&#8221;row&#8221; use_row_as_full_screen_section=&#8221;yes&#8221; type=&#8221;full_width&#8221; angled_section=&#8221;no&#8221; text_align=&#8221;left&#8221; background_image_as_pattern=&#8221;without_pattern&#8221; css_animation=&#8221;&#8221;][vc_column][vc_single_image image=&#8221;21020&#8243; img_size=&#8221;large&#8221; alignment=&#8221;center&#8221; qode_css_animation=&#8221;&#8221;][\/vc_column][\/vc_row][vc_row row_type=&#8221;row&#8221; use_row_as_full_screen_section=&#8221;no&#8221; type=&#8221;full_width&#8221; angled_section=&#8221;no&#8221; text_align=&#8221;left&#8221; background_image_as_pattern=&#8221;without_pattern&#8221; css_animation=&#8221;&#8221;][vc_column][vc_empty_space][vc_column_text]Two of the social problems that Romania faces today are early school dropout generated by poverty and accelerated demographic ageing. The day-care centres in the country, which&#8230;<\/p>\n","protected":false},"author":1,"featured_media":22462,"parent":0,"menu_order":0,"comment_status":"closed","ping_status":"closed","template":"","meta":[],"yoast_head":"<!-- This site is optimized with the Yoast SEO plugin v17.5 - https:\/\/yoast.com\/wordpress\/plugins\/seo\/ -->\n<title>Generations Centres | Funda\u021bia Regal\u0103 Margareta a Rom\u00e2niei<\/title>\n<meta name=\"description\" content=\"Centrul Comunitar Generatii este un after school gratuit care aduce impreuna varstnici, tineri si copiii pentru a socializa si a se ajuta reciproc .\" \/>\n<meta name=\"robots\" content=\"index, follow, max-snippet:-1, max-image-preview:large, max-video-preview:-1\" \/>\n<link rel=\"canonical\" href=\"https:\/\/www.frmr.ro\/en\/generations-centres\/\" \/>\n<meta property=\"og:locale\" content=\"en_US\" \/>\n<meta property=\"og:type\" content=\"article\" \/>\n<meta property=\"og:title\" content=\"Generations Centres | Funda\u021bia Regal\u0103 Margareta a Rom\u00e2niei\" \/>\n<meta property=\"og:description\" content=\"Centrul Comunitar Generatii este un after school gratuit care aduce impreuna varstnici, tineri si copiii pentru a socializa si a se ajuta reciproc .\" \/>\n<meta property=\"og:url\" content=\"https:\/\/www.frmr.ro\/en\/generations-centres\/\" \/>\n<meta property=\"og:site_name\" content=\"Funda\u021bia Regal\u0103 Margareta a Rom\u00e2niei\" \/>\n<meta property=\"article:publisher\" content=\"https:\/\/www.facebook.com\/www.frmr.ro\/\" \/>\n<meta property=\"article:modified_time\" content=\"2018-04-18T09:32:22+00:00\" \/>\n<meta property=\"og:image\" content=\"https:\/\/www.frmr.ro\/wp-content\/uploads\/2019\/03\/IMG_6375-1024x683-e1613490277362.jpg\" \/>\n\t<meta property=\"og:image:width\" content=\"1024\" \/>\n\t<meta property=\"og:image:height\" content=\"539\" \/>\n<meta name=\"twitter:card\" content=\"summary\" \/>\n<meta name=\"twitter:label1\" content=\"Est. reading time\" \/>\n\t<meta name=\"twitter:data1\" content=\"3 minutes\" \/>\n<script type=\"application\/ld+json\" class=\"yoast-schema-graph\">{\"@context\":\"https:\/\/schema.org\",\"@graph\":[{\"@type\":\"Organization\",\"@id\":\"https:\/\/www.frmr.ro\/#organization\",\"name\":\"Fundatia Regala Margareta a Romaniei\",\"url\":\"https:\/\/www.frmr.ro\/\",\"sameAs\":[\"https:\/\/www.facebook.com\/www.frmr.ro\/\",\"https:\/\/www.linkedin.com\/company\/13060592\/admin\/\",\"https:\/\/www.youtube.com\/channel\/UCPJ7LnrfyvzrWu9_vE79DKg?view_as=subscriber\",\"https:\/\/ro.wikipedia.org\/wiki\/Funda\\u021bia_\\u201ePrincipesa_Margareta_a_Rom\\u00e2niei\\u201d\"],\"logo\":{\"@type\":\"ImageObject\",\"@id\":\"https:\/\/www.frmr.ro\/#logo\",\"inLanguage\":\"en-US\",\"url\":\"https:\/\/www.frmr.ro\/wp-content\/uploads\/2019\/07\/logo-ok.jpg\",\"contentUrl\":\"https:\/\/www.frmr.ro\/wp-content\/uploads\/2019\/07\/logo-ok.jpg\",\"width\":672,\"height\":209,\"caption\":\"Fundatia Regala Margareta a Romaniei\"},\"image\":{\"@id\":\"https:\/\/www.frmr.ro\/#logo\"}},{\"@type\":\"WebSite\",\"@id\":\"https:\/\/www.frmr.ro\/#website\",\"url\":\"https:\/\/www.frmr.ro\/\",\"name\":\"Funda\\u021bia Regal\\u0103 Margareta a Rom\\u00e2niei\",\"description\":\"Din dragoste pentru Rom\\u00e2nia\",\"publisher\":{\"@id\":\"https:\/\/www.frmr.ro\/#organization\"},\"potentialAction\":[{\"@type\":\"SearchAction\",\"target\":{\"@type\":\"EntryPoint\",\"urlTemplate\":\"https:\/\/www.frmr.ro\/?s={search_term_string}\"},\"query-input\":\"required name=search_term_string\"}],\"inLanguage\":\"en-US\"},{\"@type\":\"ImageObject\",\"@id\":\"https:\/\/www.frmr.ro\/en\/generations-centres\/#primaryimage\",\"inLanguage\":\"en-US\",\"url\":\"https:\/\/www.frmr.ro\/wp-content\/uploads\/2019\/03\/IMG_6375-1024x683-e1613490277362.jpg\",\"contentUrl\":\"https:\/\/www.frmr.ro\/wp-content\/uploads\/2019\/03\/IMG_6375-1024x683-e1613490277362.jpg\",\"width\":1024,\"height\":539},{\"@type\":\"WebPage\",\"@id\":\"https:\/\/www.frmr.ro\/en\/generations-centres\/#webpage\",\"url\":\"https:\/\/www.frmr.ro\/en\/generations-centres\/\",\"name\":\"Generations Centres | Funda\\u021bia Regal\\u0103 Margareta a Rom\\u00e2niei\",\"isPartOf\":{\"@id\":\"https:\/\/www.frmr.ro\/#website\"},\"primaryImageOfPage\":{\"@id\":\"https:\/\/www.frmr.ro\/en\/generations-centres\/#primaryimage\"},\"datePublished\":\"2016-08-04T10:41:38+00:00\",\"dateModified\":\"2018-04-18T09:32:22+00:00\",\"description\":\"Centrul Comunitar Generatii este un after school gratuit care aduce impreuna varstnici, tineri si copiii pentru a socializa si a se ajuta reciproc .\",\"breadcrumb\":{\"@id\":\"https:\/\/www.frmr.ro\/en\/generations-centres\/#breadcrumb\"},\"inLanguage\":\"en-US\",\"potentialAction\":[{\"@type\":\"ReadAction\",\"target\":[\"https:\/\/www.frmr.ro\/en\/generations-centres\/\"]}]},{\"@type\":\"BreadcrumbList\",\"@id\":\"https:\/\/www.frmr.ro\/en\/generations-centres\/#breadcrumb\",\"itemListElement\":[{\"@type\":\"ListItem\",\"position\":1,\"name\":\"Acas\\u0103\",\"item\":\"https:\/\/www.frmr.ro\/en\/\"},{\"@type\":\"ListItem\",\"position\":2,\"name\":\"Generations Centres\"}]}]}<\/script>\n<!-- \/ Yoast SEO plugin. -->","yoast_head_json":{"title":"Generations Centres | Funda\u021bia Regal\u0103 Margareta a Rom\u00e2niei","description":"Centrul Comunitar Generatii este un after school gratuit care aduce impreuna varstnici, tineri si copiii pentru a socializa si a se ajuta reciproc .","robots":{"index":"index","follow":"follow","max-snippet":"max-snippet:-1","max-image-preview":"max-image-preview:large","max-video-preview":"max-video-preview:-1"},"canonical":"https:\/\/www.frmr.ro\/en\/generations-centres\/","og_locale":"en_US","og_type":"article","og_title":"Generations Centres | Funda\u021bia Regal\u0103 Margareta a Rom\u00e2niei","og_description":"Centrul Comunitar Generatii este un after school gratuit care aduce impreuna varstnici, tineri si copiii pentru a socializa si a se ajuta reciproc .","og_url":"https:\/\/www.frmr.ro\/en\/generations-centres\/","og_site_name":"Funda\u021bia Regal\u0103 Margareta a Rom\u00e2niei","article_publisher":"https:\/\/www.facebook.com\/www.frmr.ro\/","article_modified_time":"2018-04-18T09:32:22+00:00","og_image":[{"width":1024,"height":539,"url":"https:\/\/www.frmr.ro\/wp-content\/uploads\/2019\/03\/IMG_6375-1024x683-e1613490277362.jpg","type":"image\/jpeg"}],"twitter_card":"summary","twitter_misc":{"Est. reading time":"3 minutes"},"schema":{"@context":"https:\/\/schema.org","@graph":[{"@type":"Organization","@id":"https:\/\/www.frmr.ro\/#organization","name":"Fundatia Regala Margareta a Romaniei","url":"https:\/\/www.frmr.ro\/","sameAs":["https:\/\/www.facebook.com\/www.frmr.ro\/","https:\/\/www.linkedin.com\/company\/13060592\/admin\/","https:\/\/www.youtube.com\/channel\/UCPJ7LnrfyvzrWu9_vE79DKg?view_as=subscriber","https:\/\/ro.wikipedia.org\/wiki\/Funda\u021bia_\u201ePrincipesa_Margareta_a_Rom\u00e2niei\u201d"],"logo":{"@type":"ImageObject","@id":"https:\/\/www.frmr.ro\/#logo","inLanguage":"en-US","url":"https:\/\/www.frmr.ro\/wp-content\/uploads\/2019\/07\/logo-ok.jpg","contentUrl":"https:\/\/www.frmr.ro\/wp-content\/uploads\/2019\/07\/logo-ok.jpg","width":672,"height":209,"caption":"Fundatia Regala Margareta a Romaniei"},"image":{"@id":"https:\/\/www.frmr.ro\/#logo"}},{"@type":"WebSite","@id":"https:\/\/www.frmr.ro\/#website","url":"https:\/\/www.frmr.ro\/","name":"Funda\u021bia Regal\u0103 Margareta a Rom\u00e2niei","description":"Din dragoste pentru Rom\u00e2nia","publisher":{"@id":"https:\/\/www.frmr.ro\/#organization"},"potentialAction":[{"@type":"SearchAction","target":{"@type":"EntryPoint","urlTemplate":"https:\/\/www.frmr.ro\/?s={search_term_string}"},"query-input":"required name=search_term_string"}],"inLanguage":"en-US"},{"@type":"ImageObject","@id":"https:\/\/www.frmr.ro\/en\/generations-centres\/#primaryimage","inLanguage":"en-US","url":"https:\/\/www.frmr.ro\/wp-content\/uploads\/2019\/03\/IMG_6375-1024x683-e1613490277362.jpg","contentUrl":"https:\/\/www.frmr.ro\/wp-content\/uploads\/2019\/03\/IMG_6375-1024x683-e1613490277362.jpg","width":1024,"height":539},{"@type":"WebPage","@id":"https:\/\/www.frmr.ro\/en\/generations-centres\/#webpage","url":"https:\/\/www.frmr.ro\/en\/generations-centres\/","name":"Generations Centres | Funda\u021bia Regal\u0103 Margareta a Rom\u00e2niei","isPartOf":{"@id":"https:\/\/www.frmr.ro\/#website"},"primaryImageOfPage":{"@id":"https:\/\/www.frmr.ro\/en\/generations-centres\/#primaryimage"},"datePublished":"2016-08-04T10:41:38+00:00","dateModified":"2018-04-18T09:32:22+00:00","description":"Centrul Comunitar Generatii este un after school gratuit care aduce impreuna varstnici, tineri si copiii pentru a socializa si a se ajuta reciproc .","breadcrumb":{"@id":"https:\/\/www.frmr.ro\/en\/generations-centres\/#breadcrumb"},"inLanguage":"en-US","potentialAction":[{"@type":"ReadAction","target":["https:\/\/www.frmr.ro\/en\/generations-centres\/"]}]},{"@type":"BreadcrumbList","@id":"https:\/\/www.frmr.ro\/en\/generations-centres\/#breadcrumb","itemListElement":[{"@type":"ListItem","position":1,"name":"Acas\u0103","item":"https:\/\/www.frmr.ro\/en\/"},{"@type":"ListItem","position":2,"name":"Generations Centres"}]}]}},"wps_subtitle":"","_links":{"self":[{"href":"https:\/\/www.frmr.ro\/en\/wp-json\/wp\/v2\/pages\/20915"}],"collection":[{"href":"https:\/\/www.frmr.ro\/en\/wp-json\/wp\/v2\/pages"}],"about":[{"href":"https:\/\/www.frmr.ro\/en\/wp-json\/wp\/v2\/types\/page"}],"author":[{"embeddable":true,"href":"https:\/\/www.frmr.ro\/en\/wp-json\/wp\/v2\/users\/1"}],"replies":[{"embeddable":true,"href":"https:\/\/www.frmr.ro\/en\/wp-json\/wp\/v2\/comments?post=20915"}],"version-history":[{"count":6,"href":"https:\/\/www.frmr.ro\/en\/wp-json\/wp\/v2\/pages\/20915\/revisions"}],"predecessor-version":[{"id":21023,"href":"https:\/\/www.frmr.ro\/en\/wp-json\/wp\/v2\/pages\/20915\/revisions\/21023"}],"wp:featuredmedia":[{"embeddable":true,"href":"https:\/\/www.frmr.ro\/en\/wp-json\/wp\/v2\/media\/22462"}],"wp:attachment":[{"href":"https:\/\/www.frmr.ro\/en\/wp-json\/wp\/v2\/media?parent=20915"}],"curies":[{"name":"wp","href":"https:\/\/api.w.org\/{rel}","templated":true}]}}