{"id":20909,"date":"2016-02-11T16:58:23","date_gmt":"2016-02-11T16:58:23","guid":{"rendered":"https:\/\/www.frmr.ro\/copii-tineri-varstnici\/?lang=en"},"modified":"2020-11-11T13:28:21","modified_gmt":"2020-11-11T11:28:21","slug":"intergenerational-approach","status":"publish","type":"page","link":"https:\/\/www.frmr.ro\/en\/intergenerational-approach\/","title":{"rendered":"Intergenerational approach"},"content":{"rendered":"<p>[vc_row row_type=&#8221;row&#8221; use_row_as_full_screen_section=&#8221;yes&#8221; type=&#8221;full_width&#8221; angled_section=&#8221;no&#8221; text_align=&#8221;left&#8221; background_image_as_pattern=&#8221;without_pattern&#8221; css_animation=&#8221;&#8221;][vc_column][vc_single_image image=&#8221;19166&#8243; img_size=&#8221;full&#8221; alignment=&#8221;center&#8221; qode_css_animation=&#8221;&#8221;][\/vc_column][\/vc_row][vc_row row_type=&#8221;row&#8221; use_row_as_full_screen_section=&#8221;no&#8221; type=&#8221;full_width&#8221; angled_section=&#8221;no&#8221; text_align=&#8221;left&#8221; background_image_as_pattern=&#8221;without_pattern&#8221; css_animation=&#8221;&#8221;][vc_column][vc_separator type=&#8221;transparent&#8221;][\/vc_column][\/vc_row][vc_row row_type=&#8221;row&#8221; use_row_as_full_screen_section=&#8221;no&#8221; type=&#8221;full_width&#8221; angled_section=&#8221;no&#8221; text_align=&#8221;left&#8221; background_image_as_pattern=&#8221;without_pattern&#8221; css_animation=&#8221;&#8221;][vc_column][vc_separator type=&#8221;transparent&#8221;][\/vc_column][\/vc_row][vc_row row_type=&#8221;row&#8221; use_row_as_full_screen_section=&#8221;no&#8221; type=&#8221;full_width&#8221; angled_section=&#8221;no&#8221; text_align=&#8221;left&#8221; background_image_as_pattern=&#8221;without_pattern&#8221; css_animation=&#8221;&#8221;][vc_column][vc_column_text]The Margareta of Romania Royal Foundation builds communication bridges between generations. The specificity of our projects is given by their intergenerational character: children, young people and the elderly are encouraged to participate together in educational, recreational, sports activities within a community framework. Volunteering plays a key role in such activities, and volunteers involved in Foundation programs belong to all age groups.<\/p>\n<p>The intergenerational approach is based on the belief that every person, regardless of age, is a resource for the community, and harnessing the potential of all members of the community, interaction and intergenerational dialogue are essential premises for building a strong community.[\/vc_column_text][vc_empty_space][\/vc_column][\/vc_row][vc_row row_type=&#8221;row&#8221; use_row_as_full_screen_section=&#8221;no&#8221; type=&#8221;full_width&#8221; angled_section=&#8221;no&#8221; text_align=&#8221;left&#8221; background_image_as_pattern=&#8221;without_pattern&#8221; css_animation=&#8221;&#8221;][vc_column][vc_column_text]<\/p>\n<h3><span style=\"color: #333399;\"><strong>CONTACT BETWEEN GENERATIONS<\/strong><\/span><\/h3>\n<p>[\/vc_column_text][vc_empty_space][\/vc_column][\/vc_row][vc_row row_type=&#8221;row&#8221; use_row_as_full_screen_section=&#8221;no&#8221; type=&#8221;full_width&#8221; angled_section=&#8221;no&#8221; text_align=&#8221;left&#8221; background_image_as_pattern=&#8221;without_pattern&#8221; css_animation=&#8221;&#8221;][vc_column][vc_column_text]Surrounded by the energy, vitality and affection of young people, the elderly feel less lonely and isolated, less marginalized and neglected by others. When they have the opportunity to get involved and contribute to the good of the community they live in, when they are given the opportunity to use their skills for the benefit of the young and without experience, the seniors regain their self-esteem and lust for life.<\/p>\n<p>&nbsp;<\/p>\n<p>Children and young people receive from the elderly the affection and heat that they often lack in the family because of too busy or even absent parents.<\/p>\n<p>&nbsp;<\/p>\n<p>Contact with &#8220;adoptive grandparents&#8221; and engaging in intergenerational community activities keep many young people away from such issues as drugs, juvenile delinquency, school absenteeism. At the same time, young people often find life stories, receive advice, and sometimes find a model of life or a mentor in the old man in front of them.[\/vc_column_text][vc_empty_space][\/vc_column][\/vc_row]<\/p>\n","protected":false},"excerpt":{"rendered":"<p>[vc_row row_type=&#8221;row&#8221; use_row_as_full_screen_section=&#8221;yes&#8221; type=&#8221;full_width&#8221; angled_section=&#8221;no&#8221; text_align=&#8221;left&#8221; background_image_as_pattern=&#8221;without_pattern&#8221; css_animation=&#8221;&#8221;][vc_column][vc_single_image image=&#8221;19166&#8243; img_size=&#8221;full&#8221; alignment=&#8221;center&#8221; qode_css_animation=&#8221;&#8221;][\/vc_column][\/vc_row][vc_row row_type=&#8221;row&#8221; use_row_as_full_screen_section=&#8221;no&#8221; type=&#8221;full_width&#8221; angled_section=&#8221;no&#8221; text_align=&#8221;left&#8221; background_image_as_pattern=&#8221;without_pattern&#8221; css_animation=&#8221;&#8221;][vc_column][vc_separator type=&#8221;transparent&#8221;][\/vc_column][\/vc_row][vc_row row_type=&#8221;row&#8221; use_row_as_full_screen_section=&#8221;no&#8221; type=&#8221;full_width&#8221; angled_section=&#8221;no&#8221; text_align=&#8221;left&#8221; background_image_as_pattern=&#8221;without_pattern&#8221; css_animation=&#8221;&#8221;][vc_column][vc_separator type=&#8221;transparent&#8221;][\/vc_column][\/vc_row][vc_row row_type=&#8221;row&#8221; use_row_as_full_screen_section=&#8221;no&#8221; type=&#8221;full_width&#8221; angled_section=&#8221;no&#8221; text_align=&#8221;left&#8221; background_image_as_pattern=&#8221;without_pattern&#8221; css_animation=&#8221;&#8221;][vc_column][vc_column_text]The Margareta of Romania Royal Foundation builds communication bridges between generations&#8230;.<\/p>\n","protected":false},"author":1,"featured_media":20600,"parent":0,"menu_order":0,"comment_status":"closed","ping_status":"closed","template":"","meta":[],"yoast_head":"<!-- This site is optimized with the Yoast SEO plugin v17.5 - https:\/\/yoast.com\/wordpress\/plugins\/seo\/ -->\n<title>Intergenerational approach | Funda\u021bia Regal\u0103 Margareta a Rom\u00e2niei<\/title>\n<meta name=\"description\" content=\"Abordarea intergenera\u021bional\u0103 are la baz\u0103 convingerea c\u0103 fiecare persoan\u0103, indiferent de v\u00e2rst\u0103, reprezint\u0103 o resurs\u0103 pentru comunitate.\" \/>\n<meta name=\"robots\" content=\"index, follow, max-snippet:-1, max-image-preview:large, max-video-preview:-1\" \/>\n<link rel=\"canonical\" href=\"https:\/\/www.frmr.ro\/en\/intergenerational-approach\/\" \/>\n<meta property=\"og:locale\" content=\"en_US\" \/>\n<meta property=\"og:type\" content=\"article\" \/>\n<meta property=\"og:title\" content=\"Intergenerational approach | Funda\u021bia Regal\u0103 Margareta a Rom\u00e2niei\" \/>\n<meta property=\"og:description\" content=\"Abordarea intergenera\u021bional\u0103 are la baz\u0103 convingerea c\u0103 fiecare persoan\u0103, indiferent de v\u00e2rst\u0103, reprezint\u0103 o resurs\u0103 pentru comunitate.\" \/>\n<meta property=\"og:url\" content=\"https:\/\/www.frmr.ro\/en\/intergenerational-approach\/\" \/>\n<meta property=\"og:site_name\" content=\"Funda\u021bia Regal\u0103 Margareta a Rom\u00e2niei\" \/>\n<meta property=\"article:publisher\" content=\"https:\/\/www.facebook.com\/www.frmr.ro\/\" \/>\n<meta property=\"article:modified_time\" content=\"2020-11-11T11:28:21+00:00\" \/>\n<meta property=\"og:image\" content=\"https:\/\/www.frmr.ro\/wp-content\/uploads\/2016\/02\/Untitled-1.png\" \/>\n\t<meta property=\"og:image:width\" content=\"961\" \/>\n\t<meta property=\"og:image:height\" content=\"420\" \/>\n<meta name=\"twitter:card\" content=\"summary\" \/>\n<meta name=\"twitter:label1\" content=\"Est. reading time\" \/>\n\t<meta name=\"twitter:data1\" content=\"3 minutes\" \/>\n<script type=\"application\/ld+json\" class=\"yoast-schema-graph\">{\"@context\":\"https:\/\/schema.org\",\"@graph\":[{\"@type\":\"Organization\",\"@id\":\"https:\/\/www.frmr.ro\/#organization\",\"name\":\"Fundatia Regala Margareta a Romaniei\",\"url\":\"https:\/\/www.frmr.ro\/\",\"sameAs\":[\"https:\/\/www.facebook.com\/www.frmr.ro\/\",\"https:\/\/www.linkedin.com\/company\/13060592\/admin\/\",\"https:\/\/www.youtube.com\/channel\/UCPJ7LnrfyvzrWu9_vE79DKg?view_as=subscriber\",\"https:\/\/ro.wikipedia.org\/wiki\/Funda\\u021bia_\\u201ePrincipesa_Margareta_a_Rom\\u00e2niei\\u201d\"],\"logo\":{\"@type\":\"ImageObject\",\"@id\":\"https:\/\/www.frmr.ro\/#logo\",\"inLanguage\":\"en-US\",\"url\":\"https:\/\/www.frmr.ro\/wp-content\/uploads\/2019\/07\/logo-ok.jpg\",\"contentUrl\":\"https:\/\/www.frmr.ro\/wp-content\/uploads\/2019\/07\/logo-ok.jpg\",\"width\":672,\"height\":209,\"caption\":\"Fundatia Regala Margareta a Romaniei\"},\"image\":{\"@id\":\"https:\/\/www.frmr.ro\/#logo\"}},{\"@type\":\"WebSite\",\"@id\":\"https:\/\/www.frmr.ro\/#website\",\"url\":\"https:\/\/www.frmr.ro\/\",\"name\":\"Funda\\u021bia Regal\\u0103 Margareta a Rom\\u00e2niei\",\"description\":\"Din dragoste pentru Rom\\u00e2nia\",\"publisher\":{\"@id\":\"https:\/\/www.frmr.ro\/#organization\"},\"potentialAction\":[{\"@type\":\"SearchAction\",\"target\":{\"@type\":\"EntryPoint\",\"urlTemplate\":\"https:\/\/www.frmr.ro\/?s={search_term_string}\"},\"query-input\":\"required name=search_term_string\"}],\"inLanguage\":\"en-US\"},{\"@type\":\"ImageObject\",\"@id\":\"https:\/\/www.frmr.ro\/en\/intergenerational-approach\/#primaryimage\",\"inLanguage\":\"en-US\",\"url\":\"https:\/\/www.frmr.ro\/wp-content\/uploads\/2016\/02\/Untitled-1.png\",\"contentUrl\":\"https:\/\/www.frmr.ro\/wp-content\/uploads\/2016\/02\/Untitled-1.png\",\"width\":961,\"height\":420},{\"@type\":\"WebPage\",\"@id\":\"https:\/\/www.frmr.ro\/en\/intergenerational-approach\/#webpage\",\"url\":\"https:\/\/www.frmr.ro\/en\/intergenerational-approach\/\",\"name\":\"Intergenerational approach | Funda\\u021bia Regal\\u0103 Margareta a Rom\\u00e2niei\",\"isPartOf\":{\"@id\":\"https:\/\/www.frmr.ro\/#website\"},\"primaryImageOfPage\":{\"@id\":\"https:\/\/www.frmr.ro\/en\/intergenerational-approach\/#primaryimage\"},\"datePublished\":\"2016-02-11T16:58:23+00:00\",\"dateModified\":\"2020-11-11T11:28:21+00:00\",\"description\":\"Abordarea intergenera\\u021bional\\u0103 are la baz\\u0103 convingerea c\\u0103 fiecare persoan\\u0103, indiferent de v\\u00e2rst\\u0103, reprezint\\u0103 o resurs\\u0103 pentru comunitate.\",\"breadcrumb\":{\"@id\":\"https:\/\/www.frmr.ro\/en\/intergenerational-approach\/#breadcrumb\"},\"inLanguage\":\"en-US\",\"potentialAction\":[{\"@type\":\"ReadAction\",\"target\":[\"https:\/\/www.frmr.ro\/en\/intergenerational-approach\/\"]}]},{\"@type\":\"BreadcrumbList\",\"@id\":\"https:\/\/www.frmr.ro\/en\/intergenerational-approach\/#breadcrumb\",\"itemListElement\":[{\"@type\":\"ListItem\",\"position\":1,\"name\":\"Acas\\u0103\",\"item\":\"https:\/\/www.frmr.ro\/en\/\"},{\"@type\":\"ListItem\",\"position\":2,\"name\":\"Intergenerational approach\"}]}]}<\/script>\n<!-- \/ Yoast SEO plugin. -->","yoast_head_json":{"title":"Intergenerational approach | Funda\u021bia Regal\u0103 Margareta a Rom\u00e2niei","description":"Abordarea intergenera\u021bional\u0103 are la baz\u0103 convingerea c\u0103 fiecare persoan\u0103, indiferent de v\u00e2rst\u0103, reprezint\u0103 o resurs\u0103 pentru comunitate.","robots":{"index":"index","follow":"follow","max-snippet":"max-snippet:-1","max-image-preview":"max-image-preview:large","max-video-preview":"max-video-preview:-1"},"canonical":"https:\/\/www.frmr.ro\/en\/intergenerational-approach\/","og_locale":"en_US","og_type":"article","og_title":"Intergenerational approach | Funda\u021bia Regal\u0103 Margareta a Rom\u00e2niei","og_description":"Abordarea intergenera\u021bional\u0103 are la baz\u0103 convingerea c\u0103 fiecare persoan\u0103, indiferent de v\u00e2rst\u0103, reprezint\u0103 o resurs\u0103 pentru comunitate.","og_url":"https:\/\/www.frmr.ro\/en\/intergenerational-approach\/","og_site_name":"Funda\u021bia Regal\u0103 Margareta a Rom\u00e2niei","article_publisher":"https:\/\/www.facebook.com\/www.frmr.ro\/","article_modified_time":"2020-11-11T11:28:21+00:00","og_image":[{"width":961,"height":420,"url":"https:\/\/www.frmr.ro\/wp-content\/uploads\/2016\/02\/Untitled-1.png","type":"image\/png"}],"twitter_card":"summary","twitter_misc":{"Est. reading time":"3 minutes"},"schema":{"@context":"https:\/\/schema.org","@graph":[{"@type":"Organization","@id":"https:\/\/www.frmr.ro\/#organization","name":"Fundatia Regala Margareta a Romaniei","url":"https:\/\/www.frmr.ro\/","sameAs":["https:\/\/www.facebook.com\/www.frmr.ro\/","https:\/\/www.linkedin.com\/company\/13060592\/admin\/","https:\/\/www.youtube.com\/channel\/UCPJ7LnrfyvzrWu9_vE79DKg?view_as=subscriber","https:\/\/ro.wikipedia.org\/wiki\/Funda\u021bia_\u201ePrincipesa_Margareta_a_Rom\u00e2niei\u201d"],"logo":{"@type":"ImageObject","@id":"https:\/\/www.frmr.ro\/#logo","inLanguage":"en-US","url":"https:\/\/www.frmr.ro\/wp-content\/uploads\/2019\/07\/logo-ok.jpg","contentUrl":"https:\/\/www.frmr.ro\/wp-content\/uploads\/2019\/07\/logo-ok.jpg","width":672,"height":209,"caption":"Fundatia Regala Margareta a Romaniei"},"image":{"@id":"https:\/\/www.frmr.ro\/#logo"}},{"@type":"WebSite","@id":"https:\/\/www.frmr.ro\/#website","url":"https:\/\/www.frmr.ro\/","name":"Funda\u021bia Regal\u0103 Margareta a Rom\u00e2niei","description":"Din dragoste pentru Rom\u00e2nia","publisher":{"@id":"https:\/\/www.frmr.ro\/#organization"},"potentialAction":[{"@type":"SearchAction","target":{"@type":"EntryPoint","urlTemplate":"https:\/\/www.frmr.ro\/?s={search_term_string}"},"query-input":"required name=search_term_string"}],"inLanguage":"en-US"},{"@type":"ImageObject","@id":"https:\/\/www.frmr.ro\/en\/intergenerational-approach\/#primaryimage","inLanguage":"en-US","url":"https:\/\/www.frmr.ro\/wp-content\/uploads\/2016\/02\/Untitled-1.png","contentUrl":"https:\/\/www.frmr.ro\/wp-content\/uploads\/2016\/02\/Untitled-1.png","width":961,"height":420},{"@type":"WebPage","@id":"https:\/\/www.frmr.ro\/en\/intergenerational-approach\/#webpage","url":"https:\/\/www.frmr.ro\/en\/intergenerational-approach\/","name":"Intergenerational approach | Funda\u021bia Regal\u0103 Margareta a Rom\u00e2niei","isPartOf":{"@id":"https:\/\/www.frmr.ro\/#website"},"primaryImageOfPage":{"@id":"https:\/\/www.frmr.ro\/en\/intergenerational-approach\/#primaryimage"},"datePublished":"2016-02-11T16:58:23+00:00","dateModified":"2020-11-11T11:28:21+00:00","description":"Abordarea intergenera\u021bional\u0103 are la baz\u0103 convingerea c\u0103 fiecare persoan\u0103, indiferent de v\u00e2rst\u0103, reprezint\u0103 o resurs\u0103 pentru comunitate.","breadcrumb":{"@id":"https:\/\/www.frmr.ro\/en\/intergenerational-approach\/#breadcrumb"},"inLanguage":"en-US","potentialAction":[{"@type":"ReadAction","target":["https:\/\/www.frmr.ro\/en\/intergenerational-approach\/"]}]},{"@type":"BreadcrumbList","@id":"https:\/\/www.frmr.ro\/en\/intergenerational-approach\/#breadcrumb","itemListElement":[{"@type":"ListItem","position":1,"name":"Acas\u0103","item":"https:\/\/www.frmr.ro\/en\/"},{"@type":"ListItem","position":2,"name":"Intergenerational approach"}]}]}},"wps_subtitle":"","_links":{"self":[{"href":"https:\/\/www.frmr.ro\/en\/wp-json\/wp\/v2\/pages\/20909"}],"collection":[{"href":"https:\/\/www.frmr.ro\/en\/wp-json\/wp\/v2\/pages"}],"about":[{"href":"https:\/\/www.frmr.ro\/en\/wp-json\/wp\/v2\/types\/page"}],"author":[{"embeddable":true,"href":"https:\/\/www.frmr.ro\/en\/wp-json\/wp\/v2\/users\/1"}],"replies":[{"embeddable":true,"href":"https:\/\/www.frmr.ro\/en\/wp-json\/wp\/v2\/comments?post=20909"}],"version-history":[{"count":3,"href":"https:\/\/www.frmr.ro\/en\/wp-json\/wp\/v2\/pages\/20909\/revisions"}],"predecessor-version":[{"id":26507,"href":"https:\/\/www.frmr.ro\/en\/wp-json\/wp\/v2\/pages\/20909\/revisions\/26507"}],"wp:featuredmedia":[{"embeddable":true,"href":"https:\/\/www.frmr.ro\/en\/wp-json\/wp\/v2\/media\/20600"}],"wp:attachment":[{"href":"https:\/\/www.frmr.ro\/en\/wp-json\/wp\/v2\/media?parent=20909"}],"curies":[{"name":"wp","href":"https:\/\/api.w.org\/{rel}","templated":true}]}}