{"id":20906,"date":"2016-02-11T16:57:59","date_gmt":"2016-02-11T16:57:59","guid":{"rendered":"https:\/\/www.frmr.ro\/misiune\/?lang=en"},"modified":"2020-11-11T13:25:35","modified_gmt":"2020-11-11T11:25:35","slug":"mission","status":"publish","type":"page","link":"https:\/\/www.frmr.ro\/en\/mission\/","title":{"rendered":"Mission, vision, values"},"content":{"rendered":"<p>[vc_row row_type=&#8221;row&#8221; use_row_as_full_screen_section=&#8221;no&#8221; type=&#8221;full_width&#8221; angled_section=&#8221;no&#8221; text_align=&#8221;left&#8221; background_image_as_pattern=&#8221;without_pattern&#8221; css_animation=&#8221;&#8221;][vc_column][vc_single_image image=&#8221;18846&#8243; img_size=&#8221;large&#8221; qode_css_animation=&#8221;&#8221;][vc_empty_space]<blockquote class=' with_quote_icon' style=''><i class='fa fa-quote-right pull-left' style=''><\/i><h5 class='blockquote-text' style=''>\u201cThe most beautiful royal cown is the trust and love of the Romanians, and its value lies in Romania\u2019s own merits.\u201d - King Michael I <\/h5><\/blockquote>[vc_column_text]The Margareta of Romania Royal Foundation was established in 1990 by Her Majesty Margareta, Custodian of the Romanian Crown, together with her father, King Michael. During its 28 years of work, the Foundation developed a wide variety of sustainable projects in the areas of education, community development, civil society, health and culture, projects which contributed to the spiritual and social renewal of Romania. The Margareta of Romania Royal Foundation is today an elite non-governmental organization that supports children, young people and the elderly through sustainable intervention, based on sharing experience and values between generations.<\/p>\n<p>\u201c28 years ago, I promised myself I would do my best to change the lives of the most vulnerable Romanians for the better. Today, more than ever, we feel committed to continue the social and educational programmes. We support the children who want to learn and aspire to overcome the poverty of the environment they were born in, help talented young people to follow their path to success and stand alongside the elderly who need support in their lives.<\/p>\n<p>All this would not have been possible without people who share our ideals and are willing to join us, people ready to get involved and commit themselves to change the destinies of others for the better. Our Foundation is working every day out of love for Romania. We will continue this work for people in a modern and efficient approach and together we will build a beautiful Romania, for us and for future generations.\u201d &#8211; Her Majesty Margareta, Custodian of the Romanian Crown<\/p>\n<h3><\/h3>\n<p>&nbsp;<\/p>\n<h3>Our vision<\/h3>\n<p>Romania achieves its true potential and all its citizens respect each other and themselves.<\/p>\n<h3><\/h3>\n<p>&nbsp;<\/p>\n<h3>Mission<\/h3>\n<p>We discover leaders and inspire them to create sustainable and autonomous communities.<\/p>\n<h3><\/h3>\n<p>&nbsp;<\/p>\n<h3>Values<\/h3>\n<p>Responsibility<\/p>\n<p>Loyalty<\/p>\n<p>Generosity<\/p>\n<p>Integrity<\/p>\n<p>Leading by example[\/vc_column_text][vc_empty_space][\/vc_column][\/vc_row]<\/p>\n","protected":false},"excerpt":{"rendered":"<p>[vc_row row_type=&#8221;row&#8221; use_row_as_full_screen_section=&#8221;no&#8221; type=&#8221;full_width&#8221; angled_section=&#8221;no&#8221; text_align=&#8221;left&#8221; background_image_as_pattern=&#8221;without_pattern&#8221; css_animation=&#8221;&#8221;][vc_column][vc_single_image image=&#8221;18846&#8243; img_size=&#8221;large&#8221; qode_css_animation=&#8221;&#8221;][vc_empty_space][vc_column_text]The Margareta of Romania Royal Foundation was established in 1990 by Her Majesty Margareta, Custodian of the Romanian Crown, together with her father, King Michael. During its 28 years of work, the Foundation developed a&#8230;<\/p>\n","protected":false},"author":1,"featured_media":0,"parent":0,"menu_order":0,"comment_status":"closed","ping_status":"closed","template":"","meta":[],"yoast_head":"<!-- This site is optimized with the Yoast SEO plugin v17.5 - https:\/\/yoast.com\/wordpress\/plugins\/seo\/ -->\n<title>Mission, vision, values | Funda\u021bia Regal\u0103 Margareta a Rom\u00e2niei<\/title>\n<meta name=\"robots\" content=\"index, follow, max-snippet:-1, max-image-preview:large, max-video-preview:-1\" \/>\n<link rel=\"canonical\" href=\"https:\/\/www.frmr.ro\/en\/mission\/\" \/>\n<meta property=\"og:locale\" content=\"en_US\" \/>\n<meta property=\"og:type\" content=\"article\" \/>\n<meta property=\"og:title\" content=\"Mission, vision, values | Funda\u021bia Regal\u0103 Margareta a Rom\u00e2niei\" \/>\n<meta property=\"og:description\" content=\"[vc_row row_type=&#8221;row&#8221; use_row_as_full_screen_section=&#8221;no&#8221; type=&#8221;full_width&#8221; angled_section=&#8221;no&#8221; text_align=&#8221;left&#8221; background_image_as_pattern=&#8221;without_pattern&#8221; css_animation=&#8221;&#8221;][vc_column][vc_single_image image=&#8221;18846&#8243; img_size=&#8221;large&#8221; qode_css_animation=&#8221;&#8221;][vc_empty_space][vc_column_text]The Margareta of Romania Royal Foundation was established in 1990 by Her Majesty Margareta, Custodian of the Romanian Crown, together with her father, King Michael. During its 28 years of work, the Foundation developed a...\" \/>\n<meta property=\"og:url\" content=\"https:\/\/www.frmr.ro\/en\/mission\/\" \/>\n<meta property=\"og:site_name\" content=\"Funda\u021bia Regal\u0103 Margareta a Rom\u00e2niei\" \/>\n<meta property=\"article:publisher\" content=\"https:\/\/www.facebook.com\/www.frmr.ro\/\" \/>\n<meta property=\"article:modified_time\" content=\"2020-11-11T11:25:35+00:00\" \/>\n<meta name=\"twitter:card\" content=\"summary\" \/>\n<meta name=\"twitter:label1\" content=\"Est. reading time\" \/>\n\t<meta name=\"twitter:data1\" content=\"2 minutes\" \/>\n<script type=\"application\/ld+json\" class=\"yoast-schema-graph\">{\"@context\":\"https:\/\/schema.org\",\"@graph\":[{\"@type\":\"Organization\",\"@id\":\"https:\/\/www.frmr.ro\/#organization\",\"name\":\"Fundatia Regala Margareta a Romaniei\",\"url\":\"https:\/\/www.frmr.ro\/\",\"sameAs\":[\"https:\/\/www.facebook.com\/www.frmr.ro\/\",\"https:\/\/www.linkedin.com\/company\/13060592\/admin\/\",\"https:\/\/www.youtube.com\/channel\/UCPJ7LnrfyvzrWu9_vE79DKg?view_as=subscriber\",\"https:\/\/ro.wikipedia.org\/wiki\/Funda\\u021bia_\\u201ePrincipesa_Margareta_a_Rom\\u00e2niei\\u201d\"],\"logo\":{\"@type\":\"ImageObject\",\"@id\":\"https:\/\/www.frmr.ro\/#logo\",\"inLanguage\":\"en-US\",\"url\":\"https:\/\/www.frmr.ro\/wp-content\/uploads\/2019\/07\/logo-ok.jpg\",\"contentUrl\":\"https:\/\/www.frmr.ro\/wp-content\/uploads\/2019\/07\/logo-ok.jpg\",\"width\":672,\"height\":209,\"caption\":\"Fundatia Regala Margareta a Romaniei\"},\"image\":{\"@id\":\"https:\/\/www.frmr.ro\/#logo\"}},{\"@type\":\"WebSite\",\"@id\":\"https:\/\/www.frmr.ro\/#website\",\"url\":\"https:\/\/www.frmr.ro\/\",\"name\":\"Funda\\u021bia Regal\\u0103 Margareta a Rom\\u00e2niei\",\"description\":\"Din dragoste pentru Rom\\u00e2nia\",\"publisher\":{\"@id\":\"https:\/\/www.frmr.ro\/#organization\"},\"potentialAction\":[{\"@type\":\"SearchAction\",\"target\":{\"@type\":\"EntryPoint\",\"urlTemplate\":\"https:\/\/www.frmr.ro\/?s={search_term_string}\"},\"query-input\":\"required name=search_term_string\"}],\"inLanguage\":\"en-US\"},{\"@type\":\"WebPage\",\"@id\":\"https:\/\/www.frmr.ro\/en\/mission\/#webpage\",\"url\":\"https:\/\/www.frmr.ro\/en\/mission\/\",\"name\":\"Mission, vision, values | Funda\\u021bia Regal\\u0103 Margareta a Rom\\u00e2niei\",\"isPartOf\":{\"@id\":\"https:\/\/www.frmr.ro\/#website\"},\"datePublished\":\"2016-02-11T16:57:59+00:00\",\"dateModified\":\"2020-11-11T11:25:35+00:00\",\"breadcrumb\":{\"@id\":\"https:\/\/www.frmr.ro\/en\/mission\/#breadcrumb\"},\"inLanguage\":\"en-US\",\"potentialAction\":[{\"@type\":\"ReadAction\",\"target\":[\"https:\/\/www.frmr.ro\/en\/mission\/\"]}]},{\"@type\":\"BreadcrumbList\",\"@id\":\"https:\/\/www.frmr.ro\/en\/mission\/#breadcrumb\",\"itemListElement\":[{\"@type\":\"ListItem\",\"position\":1,\"name\":\"Acas\\u0103\",\"item\":\"https:\/\/www.frmr.ro\/en\/\"},{\"@type\":\"ListItem\",\"position\":2,\"name\":\"Mission, vision, values\"}]}]}<\/script>\n<!-- \/ Yoast SEO plugin. -->","yoast_head_json":{"title":"Mission, vision, values | Funda\u021bia Regal\u0103 Margareta a Rom\u00e2niei","robots":{"index":"index","follow":"follow","max-snippet":"max-snippet:-1","max-image-preview":"max-image-preview:large","max-video-preview":"max-video-preview:-1"},"canonical":"https:\/\/www.frmr.ro\/en\/mission\/","og_locale":"en_US","og_type":"article","og_title":"Mission, vision, values | Funda\u021bia Regal\u0103 Margareta a Rom\u00e2niei","og_description":"[vc_row row_type=&#8221;row&#8221; use_row_as_full_screen_section=&#8221;no&#8221; type=&#8221;full_width&#8221; angled_section=&#8221;no&#8221; text_align=&#8221;left&#8221; background_image_as_pattern=&#8221;without_pattern&#8221; css_animation=&#8221;&#8221;][vc_column][vc_single_image image=&#8221;18846&#8243; img_size=&#8221;large&#8221; qode_css_animation=&#8221;&#8221;][vc_empty_space][vc_column_text]The Margareta of Romania Royal Foundation was established in 1990 by Her Majesty Margareta, Custodian of the Romanian Crown, together with her father, King Michael. During its 28 years of work, the Foundation developed a...","og_url":"https:\/\/www.frmr.ro\/en\/mission\/","og_site_name":"Funda\u021bia Regal\u0103 Margareta a Rom\u00e2niei","article_publisher":"https:\/\/www.facebook.com\/www.frmr.ro\/","article_modified_time":"2020-11-11T11:25:35+00:00","twitter_card":"summary","twitter_misc":{"Est. reading time":"2 minutes"},"schema":{"@context":"https:\/\/schema.org","@graph":[{"@type":"Organization","@id":"https:\/\/www.frmr.ro\/#organization","name":"Fundatia Regala Margareta a Romaniei","url":"https:\/\/www.frmr.ro\/","sameAs":["https:\/\/www.facebook.com\/www.frmr.ro\/","https:\/\/www.linkedin.com\/company\/13060592\/admin\/","https:\/\/www.youtube.com\/channel\/UCPJ7LnrfyvzrWu9_vE79DKg?view_as=subscriber","https:\/\/ro.wikipedia.org\/wiki\/Funda\u021bia_\u201ePrincipesa_Margareta_a_Rom\u00e2niei\u201d"],"logo":{"@type":"ImageObject","@id":"https:\/\/www.frmr.ro\/#logo","inLanguage":"en-US","url":"https:\/\/www.frmr.ro\/wp-content\/uploads\/2019\/07\/logo-ok.jpg","contentUrl":"https:\/\/www.frmr.ro\/wp-content\/uploads\/2019\/07\/logo-ok.jpg","width":672,"height":209,"caption":"Fundatia Regala Margareta a Romaniei"},"image":{"@id":"https:\/\/www.frmr.ro\/#logo"}},{"@type":"WebSite","@id":"https:\/\/www.frmr.ro\/#website","url":"https:\/\/www.frmr.ro\/","name":"Funda\u021bia Regal\u0103 Margareta a Rom\u00e2niei","description":"Din dragoste pentru Rom\u00e2nia","publisher":{"@id":"https:\/\/www.frmr.ro\/#organization"},"potentialAction":[{"@type":"SearchAction","target":{"@type":"EntryPoint","urlTemplate":"https:\/\/www.frmr.ro\/?s={search_term_string}"},"query-input":"required name=search_term_string"}],"inLanguage":"en-US"},{"@type":"WebPage","@id":"https:\/\/www.frmr.ro\/en\/mission\/#webpage","url":"https:\/\/www.frmr.ro\/en\/mission\/","name":"Mission, vision, values | Funda\u021bia Regal\u0103 Margareta a Rom\u00e2niei","isPartOf":{"@id":"https:\/\/www.frmr.ro\/#website"},"datePublished":"2016-02-11T16:57:59+00:00","dateModified":"2020-11-11T11:25:35+00:00","breadcrumb":{"@id":"https:\/\/www.frmr.ro\/en\/mission\/#breadcrumb"},"inLanguage":"en-US","potentialAction":[{"@type":"ReadAction","target":["https:\/\/www.frmr.ro\/en\/mission\/"]}]},{"@type":"BreadcrumbList","@id":"https:\/\/www.frmr.ro\/en\/mission\/#breadcrumb","itemListElement":[{"@type":"ListItem","position":1,"name":"Acas\u0103","item":"https:\/\/www.frmr.ro\/en\/"},{"@type":"ListItem","position":2,"name":"Mission, vision, values"}]}]}},"wps_subtitle":"","_links":{"self":[{"href":"https:\/\/www.frmr.ro\/en\/wp-json\/wp\/v2\/pages\/20906"}],"collection":[{"href":"https:\/\/www.frmr.ro\/en\/wp-json\/wp\/v2\/pages"}],"about":[{"href":"https:\/\/www.frmr.ro\/en\/wp-json\/wp\/v2\/types\/page"}],"author":[{"embeddable":true,"href":"https:\/\/www.frmr.ro\/en\/wp-json\/wp\/v2\/users\/1"}],"replies":[{"embeddable":true,"href":"https:\/\/www.frmr.ro\/en\/wp-json\/wp\/v2\/comments?post=20906"}],"version-history":[{"count":8,"href":"https:\/\/www.frmr.ro\/en\/wp-json\/wp\/v2\/pages\/20906\/revisions"}],"predecessor-version":[{"id":26506,"href":"https:\/\/www.frmr.ro\/en\/wp-json\/wp\/v2\/pages\/20906\/revisions\/26506"}],"wp:attachment":[{"href":"https:\/\/www.frmr.ro\/en\/wp-json\/wp\/v2\/media?parent=20906"}],"curies":[{"name":"wp","href":"https:\/\/api.w.org\/{rel}","templated":true}]}}